{"id":724,"date":"2019-07-30T11:48:26","date_gmt":"2019-07-30T09:48:26","guid":{"rendered":"http:\/\/stelios.mc\/hospitalier-princesse-grace\/"},"modified":"2019-08-23T12:56:41","modified_gmt":"2019-08-23T10:56:41","slug":"hopital-princesse-grace","status":"publish","type":"page","link":"https:\/\/stelios.mc\/fr\/hopital-princesse-grace\/","title":{"rendered":"H\u00f4pital Princesse Grace"},"content":{"rendered":"\t\t<div data-elementor-type=\"wp-post\" data-elementor-id=\"724\" class=\"elementor elementor-724\">\n\t\t\t\t\t\t<section class=\"elementor-section elementor-top-section elementor-element elementor-element-qxeig4h elementor-section-stretched elementor-section-boxed elementor-section-height-default elementor-section-height-default\" data-id=\"qxeig4h\" data-element_type=\"section\" data-e-type=\"section\" data-settings=\"{&quot;stretch_section&quot;:&quot;section-stretched&quot;,&quot;background_background&quot;:&quot;classic&quot;}\">\n\t\t\t\t\t\t\t<div class=\"elementor-background-overlay\"><\/div>\n\t\t\t\t\t\t\t<div class=\"elementor-container elementor-column-gap-default\">\n\t\t\t\t\t<div class=\"elementor-column elementor-col-100 elementor-top-column elementor-element elementor-element-4ehmhme\" data-id=\"4ehmhme\" data-element_type=\"column\" data-e-type=\"column\">\n\t\t\t<div class=\"elementor-widget-wrap elementor-element-populated\">\n\t\t\t\t\t\t<div class=\"elementor-element elementor-element-qpes912 elementor-widget elementor-widget-spacer\" data-id=\"qpes912\" data-element_type=\"widget\" data-e-type=\"widget\" data-widget_type=\"spacer.default\">\n\t\t\t\t<div class=\"elementor-widget-container\">\n\t\t\t\t\t\t\t<div class=\"elementor-spacer\">\n\t\t\t<div class=\"elementor-spacer-inner\"><\/div>\n\t\t<\/div>\n\t\t\t\t\t\t<\/div>\n\t\t\t\t<\/div>\n\t\t\t\t<div class=\"elementor-element elementor-element-wo9f2zx elementor-widget elementor-widget-heading\" data-id=\"wo9f2zx\" data-element_type=\"widget\" data-e-type=\"widget\" data-widget_type=\"heading.default\">\n\t\t\t\t<div class=\"elementor-widget-container\">\n\t\t\t\t\t<h1 class=\"elementor-heading-title elementor-size-default\">Centre Hospitalier Princesse Grace de Monaco<\/h1>\t\t\t\t<\/div>\n\t\t\t\t<\/div>\n\t\t\t\t<div class=\"elementor-element elementor-element-f56z090 elementor-widget elementor-widget-spacer\" data-id=\"f56z090\" data-element_type=\"widget\" data-e-type=\"widget\" data-widget_type=\"spacer.default\">\n\t\t\t\t<div class=\"elementor-widget-container\">\n\t\t\t\t\t\t\t<div class=\"elementor-spacer\">\n\t\t\t<div class=\"elementor-spacer-inner\"><\/div>\n\t\t<\/div>\n\t\t\t\t\t\t<\/div>\n\t\t\t\t<\/div>\n\t\t\t\t\t<\/div>\n\t\t<\/div>\n\t\t\t\t\t<\/div>\n\t\t<\/section>\n\t\t\t\t<section class=\"elementor-section elementor-top-section elementor-element elementor-element-0fhkp34 elementor-section-stretched elementor-section-boxed elementor-section-height-default elementor-section-height-default\" data-id=\"0fhkp34\" data-element_type=\"section\" data-e-type=\"section\" data-settings=\"{&quot;stretch_section&quot;:&quot;section-stretched&quot;}\">\n\t\t\t\t\t\t<div class=\"elementor-container elementor-column-gap-default\">\n\t\t\t\t\t<div class=\"elementor-column elementor-col-100 elementor-top-column elementor-element elementor-element-ostv624\" data-id=\"ostv624\" data-element_type=\"column\" data-e-type=\"column\">\n\t\t\t<div class=\"elementor-widget-wrap elementor-element-populated\">\n\t\t\t\t\t\t<div class=\"elementor-element elementor-element-8ynk5xp elementor-widget elementor-widget-spacer\" data-id=\"8ynk5xp\" data-element_type=\"widget\" data-e-type=\"widget\" data-widget_type=\"spacer.default\">\n\t\t\t\t<div class=\"elementor-widget-container\">\n\t\t\t\t\t\t\t<div class=\"elementor-spacer\">\n\t\t\t<div class=\"elementor-spacer-inner\"><\/div>\n\t\t<\/div>\n\t\t\t\t\t\t<\/div>\n\t\t\t\t<\/div>\n\t\t\t\t<div class=\"elementor-element elementor-element-d3e42ef elementor-widget elementor-widget-text-editor\" data-id=\"d3e42ef\" data-element_type=\"widget\" data-e-type=\"widget\" data-widget_type=\"text-editor.default\">\n\t\t\t\t<div class=\"elementor-widget-container\">\n\t\t\t\t\t\t\t\t\t<p>La Fondation Philanthropique Stelios soutient le <a href=\"https:\/\/www.chpg.mc\/le-centre-hospitalier\/\" target=\"_blank\" rel=\"noopener\">Centre Hospitalier Princesse Grace<\/a>, le seul h\u00f4pital public de Monaco, utilis<span style=\"font-size: 19px; font-style: normal; font-weight: 300;\">\u00e9 non seulement par les r<\/span><span style=\"font-size: 19px; font-style: normal; font-weight: 300;\">\u00e9<\/span><span style=\"font-size: 19px; font-style: normal; font-weight: 300;\">sidents de Monaco, mais\u00a0<\/span><span style=\"font-size: 19px; font-style: normal; font-weight: 300;\">\u00e9galement par les habitants des villes et villages francais voisins.<\/span><\/p><p><span style=\"font-size: 19px; font-style: normal; font-weight: 300;\">En 2016,\u00a0<\/span><span style=\"font-size: 19px; font-style: normal; font-weight: 300;\">\u00e0 la demande de Roger Shine, pr<\/span><span style=\"font-size: 19px; font-style: normal; font-weight: 300;\">\u00e9sident du comit<\/span><span style=\"font-size: 19px; font-style: normal; font-weight: 300;\">\u00e9 de planification strat<\/span><span style=\"font-size: 19px; font-style: normal; font-weight: 300;\">\u00e9gique, la Fondation Philanthropique Stelios a sign<\/span><span style=\"font-size: 19px; font-style: normal; font-weight: 300;\">\u00e9 un accord de 5 ans portant sur la donation de 100 000 euros par ans\u00a0<\/span><span style=\"font-size: 19px; font-style: normal; font-weight: 300;\">\u00e0 la <a href=\"https:\/\/www.chpg.mc\/news-posts\/fondation-amis-chpg\/\" target=\"_blank\" rel=\"noopener\">Fondation des Amis du CHPG<\/a>, dirig<\/span><span style=\"font-size: 19px; font-style: normal; font-weight: 300;\">\u00e9e par Son Altesse Royale la Princesse Caroline de Hanovre, afin d&rsquo;aider a l&rsquo;achat d&rsquo;<\/span><span style=\"font-size: 19px; font-style: normal; font-weight: 300;\">\u00e9quipement m<\/span><span style=\"font-size: 19px; font-style: normal; font-weight: 300;\">\u00e9dical\u00a0<\/span><span style=\"font-size: 19px; font-style: normal; font-weight: 300;\">Hi-tech.<\/span><\/p>\t\t\t\t\t\t\t\t<\/div>\n\t\t\t\t<\/div>\n\t\t\t\t\t<\/div>\n\t\t<\/div>\n\t\t\t\t\t<\/div>\n\t\t<\/section>\n\t\t\t\t<section class=\"elementor-section elementor-top-section elementor-element elementor-element-009bacd elementor-section-stretched elementor-section-boxed elementor-section-height-default elementor-section-height-default\" data-id=\"009bacd\" data-element_type=\"section\" data-e-type=\"section\" data-settings=\"{&quot;stretch_section&quot;:&quot;section-stretched&quot;}\">\n\t\t\t\t\t\t<div class=\"elementor-container elementor-column-gap-default\">\n\t\t\t\t\t<div class=\"elementor-column elementor-col-100 elementor-top-column elementor-element elementor-element-a82b85c\" data-id=\"a82b85c\" data-element_type=\"column\" data-e-type=\"column\">\n\t\t\t<div class=\"elementor-widget-wrap elementor-element-populated\">\n\t\t\t\t\t\t<div class=\"elementor-element elementor-element-9f488de elementor-widget elementor-widget-spacer\" data-id=\"9f488de\" data-element_type=\"widget\" data-e-type=\"widget\" data-widget_type=\"spacer.default\">\n\t\t\t\t<div class=\"elementor-widget-container\">\n\t\t\t\t\t\t\t<div class=\"elementor-spacer\">\n\t\t\t<div class=\"elementor-spacer-inner\"><\/div>\n\t\t<\/div>\n\t\t\t\t\t\t<\/div>\n\t\t\t\t<\/div>\n\t\t\t\t<div class=\"elementor-element elementor-element-66c01eb elementor-widget elementor-widget-heading\" data-id=\"66c01eb\" data-element_type=\"widget\" data-e-type=\"widget\" data-widget_type=\"heading.default\">\n\t\t\t\t<div class=\"elementor-widget-container\">\n\t\t\t\t\t<h2 class=\"elementor-heading-title elementor-size-default\">Toute l\u2019actualit\u00e9 H\u00f4pital Princesse Grace<\/h2>\t\t\t\t<\/div>\n\t\t\t\t<\/div>\n\t\t\t\t<div class=\"elementor-element elementor-element-e5149f8 elementor-grid-eael-col-1 elementor-grid-tablet-eael-col-2 elementor-grid-mobile-eael-col-1 elementor-widget elementor-widget-eael-post-grid\" data-id=\"e5149f8\" data-element_type=\"widget\" data-e-type=\"widget\" data-settings=\"{&quot;eael_post_grid_columns&quot;:&quot;eael-col-1&quot;,&quot;eael_post_grid_columns_tablet&quot;:&quot;eael-col-2&quot;,&quot;eael_post_grid_columns_mobile&quot;:&quot;eael-col-1&quot;}\" data-widget_type=\"eael-post-grid.default\">\n\t\t\t\t<div class=\"elementor-widget-container\">\n\t\t\t\t\t<div id=\"eael-post-grid-e5149f8\" class=\"eael-post-grid-container\">\n            <div class=\"eael-post-grid eael-post-appender eael-post-appender-e5149f8 eael-post-grid-style-one\" data-layout-mode=\"masonry\"><article class=\"eael-grid-post  eael-post-grid-column eael-pg-post-899 category-hopital_princesse_grace-princess_grace_hospital-fr\" data-id=\"899\">\n        <div class=\"eael-grid-post-holder\">\n            <div class=\"eael-grid-post-holder-inner\"><div class=\"eael-entry-media\"><div class=\"eael-entry-overlay fade-in\"><i class=\"fas fa-long-arrow-alt-right\" aria-hidden=\"true\"><\/i><a href=\"https:\/\/stelios.mc\/fr\/princess_grace_hospital-fr\/fondation-des-amis-du-chpg-devoilement-de-la-plaque-17-octobre-2018\/\"><\/a><\/div><div class=\"eael-entry-thumbnail \">\n                <img fetchpriority=\"high\" decoding=\"async\" width=\"1440\" height=\"1920\" src=\"https:\/\/stelios.mc\/wp-content\/uploads\/Roger-Shine-Stelios-Plaque-CHPG.jpg\" class=\"attachment-full size-full wp-image-897\" alt=\"\" srcset=\"https:\/\/stelios.mc\/wp-content\/uploads\/Roger-Shine-Stelios-Plaque-CHPG.jpg 1440w, https:\/\/stelios.mc\/wp-content\/uploads\/Roger-Shine-Stelios-Plaque-CHPG-225x300.jpg 225w, https:\/\/stelios.mc\/wp-content\/uploads\/Roger-Shine-Stelios-Plaque-CHPG-768x1024.jpg 768w\" sizes=\"(max-width: 1440px) 100vw, 1440px\" \/>\n            <\/div>\n        <\/div><div class=\"eael-entry-wrapper\"><header class=\"eael-entry-header\"><h2 class=\"eael-entry-title\"><a class=\"eael-grid-post-link\" href=\"https:\/\/stelios.mc\/fr\/princess_grace_hospital-fr\/fondation-des-amis-du-chpg-devoilement-de-la-plaque-17-octobre-2018\/\" title=\"Fondation des Amis du CHPG &#8211; d\u00e9voilement de la plaque &#8211; 17 octobre 2018\">Fondation des Amis du CHPG &#8211; d\u00e9voilement de la plaque &#8211; 17 octobre 2018<\/a><\/h2><\/header><div class=\"eael-entry-header-after\"><div class=\"eael-author-avatar\"><a href=\"https:\/\/stelios.mc\/fr\/author\/jonathan\/\"><img alt='Jonathan' src='https:\/\/secure.gravatar.com\/avatar\/6f3e1725dfc1247d900084c43fc855551d869be9129132ad475f342c6dd0cc33?s=96&#038;d=mm&#038;r=g' srcset='https:\/\/secure.gravatar.com\/avatar\/6f3e1725dfc1247d900084c43fc855551d869be9129132ad475f342c6dd0cc33?s=192&#038;d=mm&#038;r=g 2x' class='avatar avatar-96 photo' height='96' width='96' \/><\/a><\/div><div class=\"eael-entry-meta\"><span class=\"eael-posted-by\"><a href=\"https:\/\/stelios.mc\/fr\/author\/jonathan\/\" title=\"Posts by Jonathan\" rel=\"author\">Jonathan<\/a><\/span><span class=\"eael-posted-on\"><time datetime=\"20\/08\/2019\">20\/08\/2019<\/time><\/span><\/div><\/div><div class=\"eael-entry-content\">\n                        <div class=\"eael-grid-post-excerpt\"><p>D\u00e9voilement de plaque pour les donateurs au Fondation des Amis du CHPG. A droite, Roger Shine, Pr\u00e9sident du comit\u00e9 de planification strat\u00e9gique deuxi\u00e8me \u00e0\u00a0 partir de la gauche, Stelios Haji-Ioannou<\/p><a href=\"https:\/\/stelios.mc\/fr\/princess_grace_hospital-fr\/fondation-des-amis-du-chpg-devoilement-de-la-plaque-17-octobre-2018\/\" class=\"eael-post-elements-readmore-btn\">Read More<\/a><\/div>\n                    <\/div><\/div><\/div>\n        <\/div>\n    <\/article><\/div>\n            <div class=\"clearfix\"><\/div>\n        <\/div>\t\t\t\t<\/div>\n\t\t\t\t<\/div>\n\t\t\t\t\t<\/div>\n\t\t<\/div>\n\t\t\t\t\t<\/div>\n\t\t<\/section>\n\t\t\t\t<\/div>\n\t\t","protected":false},"excerpt":{"rendered":"<p>Centre Hospitalier Princesse Grace de Monaco La Fondation Philanthropique Stelios soutient le Centre Hospitalier Princesse Grace, le seul h\u00f4pital public de Monaco, utilis\u00e9 non seulement par les r\u00e9sidents de Monaco, mais\u00a0\u00e9galement par les habitants des villes et villages francais voisins. En 2016,\u00a0\u00e0 la demande de Roger Shine, pr\u00e9sident du comit\u00e9 de planification strat\u00e9gique, la Fondation [&hellip;]<\/p>\n","protected":false},"author":2,"featured_media":2041,"parent":0,"menu_order":28,"comment_status":"closed","ping_status":"closed","template":"","meta":{"site-sidebar-layout":"no-sidebar","site-content-layout":"page-builder","ast-site-content-layout":"default","site-content-style":"default","site-sidebar-style":"default","ast-global-header-display":"","ast-banner-title-visibility":"","ast-main-header-display":"","ast-hfb-above-header-display":"","ast-hfb-below-header-display":"","ast-hfb-mobile-header-display":"","site-post-title":"disabled","ast-breadcrumbs-content":"","ast-featured-img":"disabled","footer-sml-layout":"","ast-disable-related-posts":"","theme-transparent-header-meta":"default","adv-header-id-meta":"","stick-header-meta":"","header-above-stick-meta":"","header-main-stick-meta":"","header-below-stick-meta":"","astra-migrate-meta-layouts":"default","ast-page-background-enabled":"default","ast-page-background-meta":{"desktop":{"background-color":"","background-image":"","background-repeat":"repeat","background-position":"center center","background-size":"auto","background-attachment":"scroll","background-type":"","background-media":"","overlay-type":"","overlay-color":"","overlay-opacity":"","overlay-gradient":""},"tablet":{"background-color":"","background-image":"","background-repeat":"repeat","background-position":"center center","background-size":"auto","background-attachment":"scroll","background-type":"","background-media":"","overlay-type":"","overlay-color":"","overlay-opacity":"","overlay-gradient":""},"mobile":{"background-color":"","background-image":"","background-repeat":"repeat","background-position":"center center","background-size":"auto","background-attachment":"scroll","background-type":"","background-media":"","overlay-type":"","overlay-color":"","overlay-opacity":"","overlay-gradient":""}},"ast-content-background-meta":{"desktop":{"background-color":"var(--ast-global-color-5)","background-image":"","background-repeat":"repeat","background-position":"center center","background-size":"auto","background-attachment":"scroll","background-type":"","background-media":"","overlay-type":"","overlay-color":"","overlay-opacity":"","overlay-gradient":""},"tablet":{"background-color":"var(--ast-global-color-5)","background-image":"","background-repeat":"repeat","background-position":"center center","background-size":"auto","background-attachment":"scroll","background-type":"","background-media":"","overlay-type":"","overlay-color":"","overlay-opacity":"","overlay-gradient":""},"mobile":{"background-color":"var(--ast-global-color-5)","background-image":"","background-repeat":"repeat","background-position":"center center","background-size":"auto","background-attachment":"scroll","background-type":"","background-media":"","overlay-type":"","overlay-color":"","overlay-opacity":"","overlay-gradient":""}},"footnotes":""},"class_list":["post-724","page","type-page","status-publish","has-post-thumbnail","hentry"],"yoast_head":"<!-- This site is optimized with the Yoast SEO plugin v27.4 - https:\/\/yoast.com\/product\/yoast-seo-wordpress\/ -->\n<title>Centre Hospitalier Princesse Grace | Fondation Philanthropique Stelios<\/title>\n<meta name=\"description\" content=\"La Fondation Philanthropique Stelios soutient le Centre Hospitalier Princesse Grace de Monaco. Les standards de soin \u00e9lev\u00e9s de l&#039;h\u00f4pital lui ont valu une certification de niveau A.\" \/>\n<meta name=\"robots\" content=\"index, follow, max-snippet:-1, max-image-preview:large, max-video-preview:-1\" \/>\n<link rel=\"canonical\" href=\"https:\/\/stelios.mc\/fr\/hopital-princesse-grace\/\" \/>\n<meta property=\"og:locale\" content=\"fr_FR\" \/>\n<meta property=\"og:type\" content=\"article\" \/>\n<meta property=\"og:title\" content=\"Centre Hospitalier Princesse Grace | Fondation Philanthropique Stelios\" \/>\n<meta property=\"og:description\" content=\"La Fondation Philanthropique Stelios soutient le Centre Hospitalier Princesse Grace de Monaco. Les standards de soin \u00e9lev\u00e9s de l&#039;h\u00f4pital lui ont valu une certification de niveau A.\" \/>\n<meta property=\"og:url\" content=\"https:\/\/stelios.mc\/fr\/hopital-princesse-grace\/\" \/>\n<meta property=\"og:site_name\" content=\"Stelios Philanthropic Foundation Monaco\" \/>\n<meta property=\"article:publisher\" content=\"https:\/\/www.facebook.com\/steliosfoundation\/\" \/>\n<meta property=\"article:modified_time\" content=\"2019-08-23T10:56:41+00:00\" \/>\n<meta property=\"og:image\" content=\"https:\/\/stelios.mc\/wp-content\/uploads\/stelios.mc-feature-image.jpg\" \/>\n\t<meta property=\"og:image:width\" content=\"1200\" \/>\n\t<meta property=\"og:image:height\" content=\"675\" \/>\n\t<meta property=\"og:image:type\" content=\"image\/jpeg\" \/>\n<meta name=\"twitter:card\" content=\"summary_large_image\" \/>\n<meta name=\"twitter:label1\" content=\"Dur\u00e9e de lecture estim\u00e9e\" \/>\n\t<meta name=\"twitter:data1\" content=\"1 minute\" \/>\n<script type=\"application\/ld+json\" class=\"yoast-schema-graph\">{\"@context\":\"https:\\\/\\\/schema.org\",\"@graph\":[{\"@type\":\"WebPage\",\"@id\":\"https:\\\/\\\/stelios.mc\\\/fr\\\/hopital-princesse-grace\\\/\",\"url\":\"https:\\\/\\\/stelios.mc\\\/fr\\\/hopital-princesse-grace\\\/\",\"name\":\"Centre Hospitalier Princesse Grace | Fondation Philanthropique Stelios\",\"isPartOf\":{\"@id\":\"https:\\\/\\\/stelios.mc\\\/#website\"},\"primaryImageOfPage\":{\"@id\":\"https:\\\/\\\/stelios.mc\\\/fr\\\/hopital-princesse-grace\\\/#primaryimage\"},\"image\":{\"@id\":\"https:\\\/\\\/stelios.mc\\\/fr\\\/hopital-princesse-grace\\\/#primaryimage\"},\"thumbnailUrl\":\"https:\\\/\\\/stelios.mc\\\/wp-content\\\/uploads\\\/stelios.mc-feature-image.jpg\",\"datePublished\":\"2019-07-30T09:48:26+00:00\",\"dateModified\":\"2019-08-23T10:56:41+00:00\",\"description\":\"La Fondation Philanthropique Stelios soutient le Centre Hospitalier Princesse Grace de Monaco. Les standards de soin \u00e9lev\u00e9s de l'h\u00f4pital lui ont valu une certification de niveau A.\",\"breadcrumb\":{\"@id\":\"https:\\\/\\\/stelios.mc\\\/fr\\\/hopital-princesse-grace\\\/#breadcrumb\"},\"inLanguage\":\"fr-FR\",\"potentialAction\":[{\"@type\":\"ReadAction\",\"target\":[\"https:\\\/\\\/stelios.mc\\\/fr\\\/hopital-princesse-grace\\\/\"]}]},{\"@type\":\"ImageObject\",\"inLanguage\":\"fr-FR\",\"@id\":\"https:\\\/\\\/stelios.mc\\\/fr\\\/hopital-princesse-grace\\\/#primaryimage\",\"url\":\"https:\\\/\\\/stelios.mc\\\/wp-content\\\/uploads\\\/stelios.mc-feature-image.jpg\",\"contentUrl\":\"https:\\\/\\\/stelios.mc\\\/wp-content\\\/uploads\\\/stelios.mc-feature-image.jpg\",\"width\":1200,\"height\":675,\"caption\":\"Feature Images\"},{\"@type\":\"BreadcrumbList\",\"@id\":\"https:\\\/\\\/stelios.mc\\\/fr\\\/hopital-princesse-grace\\\/#breadcrumb\",\"itemListElement\":[{\"@type\":\"ListItem\",\"position\":1,\"name\":\"Home\",\"item\":\"https:\\\/\\\/stelios.mc\\\/fr\\\/home\\\/\"},{\"@type\":\"ListItem\",\"position\":2,\"name\":\"H\u00f4pital Princesse Grace\"}]},{\"@type\":\"WebSite\",\"@id\":\"https:\\\/\\\/stelios.mc\\\/#website\",\"url\":\"https:\\\/\\\/stelios.mc\\\/\",\"name\":\"Stelios Philanthropic Foundation Monaco\",\"description\":\"Education, Entrepreneurship &amp; Environment in Monaco\",\"publisher\":{\"@id\":\"https:\\\/\\\/stelios.mc\\\/#organization\"},\"alternateName\":\"Stelios.mc\",\"potentialAction\":[{\"@type\":\"SearchAction\",\"target\":{\"@type\":\"EntryPoint\",\"urlTemplate\":\"https:\\\/\\\/stelios.mc\\\/?s={search_term_string}\"},\"query-input\":{\"@type\":\"PropertyValueSpecification\",\"valueRequired\":true,\"valueName\":\"search_term_string\"}}],\"inLanguage\":\"fr-FR\"},{\"@type\":\"Organization\",\"@id\":\"https:\\\/\\\/stelios.mc\\\/#organization\",\"name\":\"Stelios Philanthropic Foundation Monaco\",\"alternateName\":\"Stelios Philanthropic Foundation\",\"url\":\"https:\\\/\\\/stelios.mc\\\/\",\"logo\":{\"@type\":\"ImageObject\",\"inLanguage\":\"fr-FR\",\"@id\":\"https:\\\/\\\/stelios.mc\\\/#\\\/schema\\\/logo\\\/image\\\/\",\"url\":\"https:\\\/\\\/stelios.mc\\\/wp-content\\\/uploads\\\/stelios-philanthropic-foundation-monaco-logo-900px.jpg\",\"contentUrl\":\"https:\\\/\\\/stelios.mc\\\/wp-content\\\/uploads\\\/stelios-philanthropic-foundation-monaco-logo-900px.jpg\",\"width\":900,\"height\":600,\"caption\":\"Stelios Philanthropic Foundation Monaco\"},\"image\":{\"@id\":\"https:\\\/\\\/stelios.mc\\\/#\\\/schema\\\/logo\\\/image\\\/\"},\"sameAs\":[\"https:\\\/\\\/www.facebook.com\\\/steliosfoundation\\\/\",\"https:\\\/\\\/www.instagram.com\\\/stelios_foundation\\\/\",\"https:\\\/\\\/www.linkedin.com\\\/company\\\/stelios-philanthropic-foundation\",\"https:\\\/\\\/www.pinterest.com\\\/steliosfoundation\\\/\"]}]}<\/script>\n<!-- \/ Yoast SEO plugin. -->","yoast_head_json":{"title":"Centre Hospitalier Princesse Grace | Fondation Philanthropique Stelios","description":"La Fondation Philanthropique Stelios soutient le Centre Hospitalier Princesse Grace de Monaco. Les standards de soin \u00e9lev\u00e9s de l'h\u00f4pital lui ont valu une certification de niveau A.","robots":{"index":"index","follow":"follow","max-snippet":"max-snippet:-1","max-image-preview":"max-image-preview:large","max-video-preview":"max-video-preview:-1"},"canonical":"https:\/\/stelios.mc\/fr\/hopital-princesse-grace\/","og_locale":"fr_FR","og_type":"article","og_title":"Centre Hospitalier Princesse Grace | Fondation Philanthropique Stelios","og_description":"La Fondation Philanthropique Stelios soutient le Centre Hospitalier Princesse Grace de Monaco. Les standards de soin \u00e9lev\u00e9s de l'h\u00f4pital lui ont valu une certification de niveau A.","og_url":"https:\/\/stelios.mc\/fr\/hopital-princesse-grace\/","og_site_name":"Stelios Philanthropic Foundation Monaco","article_publisher":"https:\/\/www.facebook.com\/steliosfoundation\/","article_modified_time":"2019-08-23T10:56:41+00:00","og_image":[{"width":1200,"height":675,"url":"https:\/\/stelios.mc\/wp-content\/uploads\/stelios.mc-feature-image.jpg","type":"image\/jpeg"}],"twitter_card":"summary_large_image","twitter_misc":{"Dur\u00e9e de lecture estim\u00e9e":"1 minute"},"schema":{"@context":"https:\/\/schema.org","@graph":[{"@type":"WebPage","@id":"https:\/\/stelios.mc\/fr\/hopital-princesse-grace\/","url":"https:\/\/stelios.mc\/fr\/hopital-princesse-grace\/","name":"Centre Hospitalier Princesse Grace | Fondation Philanthropique Stelios","isPartOf":{"@id":"https:\/\/stelios.mc\/#website"},"primaryImageOfPage":{"@id":"https:\/\/stelios.mc\/fr\/hopital-princesse-grace\/#primaryimage"},"image":{"@id":"https:\/\/stelios.mc\/fr\/hopital-princesse-grace\/#primaryimage"},"thumbnailUrl":"https:\/\/stelios.mc\/wp-content\/uploads\/stelios.mc-feature-image.jpg","datePublished":"2019-07-30T09:48:26+00:00","dateModified":"2019-08-23T10:56:41+00:00","description":"La Fondation Philanthropique Stelios soutient le Centre Hospitalier Princesse Grace de Monaco. Les standards de soin \u00e9lev\u00e9s de l'h\u00f4pital lui ont valu une certification de niveau A.","breadcrumb":{"@id":"https:\/\/stelios.mc\/fr\/hopital-princesse-grace\/#breadcrumb"},"inLanguage":"fr-FR","potentialAction":[{"@type":"ReadAction","target":["https:\/\/stelios.mc\/fr\/hopital-princesse-grace\/"]}]},{"@type":"ImageObject","inLanguage":"fr-FR","@id":"https:\/\/stelios.mc\/fr\/hopital-princesse-grace\/#primaryimage","url":"https:\/\/stelios.mc\/wp-content\/uploads\/stelios.mc-feature-image.jpg","contentUrl":"https:\/\/stelios.mc\/wp-content\/uploads\/stelios.mc-feature-image.jpg","width":1200,"height":675,"caption":"Feature Images"},{"@type":"BreadcrumbList","@id":"https:\/\/stelios.mc\/fr\/hopital-princesse-grace\/#breadcrumb","itemListElement":[{"@type":"ListItem","position":1,"name":"Home","item":"https:\/\/stelios.mc\/fr\/home\/"},{"@type":"ListItem","position":2,"name":"H\u00f4pital Princesse Grace"}]},{"@type":"WebSite","@id":"https:\/\/stelios.mc\/#website","url":"https:\/\/stelios.mc\/","name":"Stelios Philanthropic Foundation Monaco","description":"Education, Entrepreneurship &amp; Environment in Monaco","publisher":{"@id":"https:\/\/stelios.mc\/#organization"},"alternateName":"Stelios.mc","potentialAction":[{"@type":"SearchAction","target":{"@type":"EntryPoint","urlTemplate":"https:\/\/stelios.mc\/?s={search_term_string}"},"query-input":{"@type":"PropertyValueSpecification","valueRequired":true,"valueName":"search_term_string"}}],"inLanguage":"fr-FR"},{"@type":"Organization","@id":"https:\/\/stelios.mc\/#organization","name":"Stelios Philanthropic Foundation Monaco","alternateName":"Stelios Philanthropic Foundation","url":"https:\/\/stelios.mc\/","logo":{"@type":"ImageObject","inLanguage":"fr-FR","@id":"https:\/\/stelios.mc\/#\/schema\/logo\/image\/","url":"https:\/\/stelios.mc\/wp-content\/uploads\/stelios-philanthropic-foundation-monaco-logo-900px.jpg","contentUrl":"https:\/\/stelios.mc\/wp-content\/uploads\/stelios-philanthropic-foundation-monaco-logo-900px.jpg","width":900,"height":600,"caption":"Stelios Philanthropic Foundation Monaco"},"image":{"@id":"https:\/\/stelios.mc\/#\/schema\/logo\/image\/"},"sameAs":["https:\/\/www.facebook.com\/steliosfoundation\/","https:\/\/www.instagram.com\/stelios_foundation\/","https:\/\/www.linkedin.com\/company\/stelios-philanthropic-foundation","https:\/\/www.pinterest.com\/steliosfoundation\/"]}]}},"_links":{"self":[{"href":"https:\/\/stelios.mc\/fr\/wp-json\/wp\/v2\/pages\/724","targetHints":{"allow":["GET"]}}],"collection":[{"href":"https:\/\/stelios.mc\/fr\/wp-json\/wp\/v2\/pages"}],"about":[{"href":"https:\/\/stelios.mc\/fr\/wp-json\/wp\/v2\/types\/page"}],"author":[{"embeddable":true,"href":"https:\/\/stelios.mc\/fr\/wp-json\/wp\/v2\/users\/2"}],"replies":[{"embeddable":true,"href":"https:\/\/stelios.mc\/fr\/wp-json\/wp\/v2\/comments?post=724"}],"version-history":[{"count":14,"href":"https:\/\/stelios.mc\/fr\/wp-json\/wp\/v2\/pages\/724\/revisions"}],"predecessor-version":[{"id":1005,"href":"https:\/\/stelios.mc\/fr\/wp-json\/wp\/v2\/pages\/724\/revisions\/1005"}],"wp:featuredmedia":[{"embeddable":true,"href":"https:\/\/stelios.mc\/fr\/wp-json\/wp\/v2\/media\/2041"}],"wp:attachment":[{"href":"https:\/\/stelios.mc\/fr\/wp-json\/wp\/v2\/media?parent=724"}],"curies":[{"name":"wp","href":"https:\/\/api.w.org\/{rel}","templated":true}]}}