{"id":716,"date":"2019-07-30T10:17:37","date_gmt":"2019-07-30T08:17:37","guid":{"rendered":"http:\/\/stelios.mc\/fpa2-wwf\/"},"modified":"2019-08-23T12:53:54","modified_gmt":"2019-08-23T10:53:54","slug":"fpa2-wwf","status":"publish","type":"page","link":"https:\/\/stelios.mc\/fr\/fpa2-wwf\/","title":{"rendered":"FPA2 &#038; WWF"},"content":{"rendered":"<h1>La Fondation Prince Albert II de Monaco et le World Wildlife Fund pour la nature<\/h1>\n<p>La Fondation philanthropique Stelios soutient des organisations qui s\u2019emploient activement \u00e0 prot\u00e9ger l\u2019environnement. Parmi elles, la <a href=\"https:\/\/www.fpa2.org\/\" target=\"_blank\" rel=\"noopener noreferrer\">Fondation Prince Albert II de Monaco (FPA2)<\/a>, bas\u00e9e \u00e0 Monaco, et le\u00a0<a href=\"https:\/\/www.wwf.fr\/?referer=wwforg\" target=\"_blank\" rel=\"noopener noreferrer\">World Wildlife Fund pour la Nature (WWF)<\/a>, dont le si\u00e8ge est en Suisse.<\/p>\n<h2>Cocktail annuel en faveur du WWF organis\u00e9 par Sir Stelios et la Fondation Prince Albert II de Monaco<\/h2>\n<p>Depuis 2013, Sir Stelios, par l\u2019interm\u00e9diaire de la Fondation Philanthropique Stelios, s\u2019associe \u00e0 la Fondation Prince Albert II de Monaco pour la tenue d\u2019un cocktail annuel en faveur du WWF.<\/p>\n<p>Toutes les sommes re\u00e7ues des invit\u00e9s par la Fondation Philanthropique Stelios sont doubl\u00e9es et revers\u00e9es \u00e0 parts \u00e9gales \u00e0 la Fondation Prince Albert II de Monaco et au WWF. Les fonds sont g\u00e9n\u00e9ralement affect\u00e9s \u00e0 un projet commun pour la protection des animaux marins, tels que les phoques en 2017 et 2018 et les requins en 2019.<\/p>\n<h2>\u00a0<\/h2>\n<h2>Toute l\u2019actualit\u00e9 FPA2 &amp; WWF<\/h2>\n<p>Something went wrong.<\/p>\n","protected":false},"excerpt":{"rendered":"<p>La Fondation Prince Albert II de Monaco et le World Wildlife Fund pour la nature La Fondation philanthropique Stelios soutient des organisations qui s\u2019emploient activement \u00e0 prot\u00e9ger l\u2019environnement. Parmi elles, la Fondation Prince Albert II de Monaco (FPA2), bas\u00e9e \u00e0 Monaco, et le\u00a0World Wildlife Fund pour la Nature (WWF), dont le si\u00e8ge est en Suisse. [&hellip;]<\/p>\n","protected":false},"author":7,"featured_media":2041,"parent":0,"menu_order":22,"comment_status":"closed","ping_status":"closed","template":"elementor_header_footer","meta":{"site-sidebar-layout":"no-sidebar","site-content-layout":"page-builder","ast-site-content-layout":"default","site-content-style":"default","site-sidebar-style":"default","ast-global-header-display":"","ast-banner-title-visibility":"","ast-main-header-display":"","ast-hfb-above-header-display":"","ast-hfb-below-header-display":"","ast-hfb-mobile-header-display":"","site-post-title":"disabled","ast-breadcrumbs-content":"","ast-featured-img":"disabled","footer-sml-layout":"","ast-disable-related-posts":"","theme-transparent-header-meta":"default","adv-header-id-meta":"","stick-header-meta":"","header-above-stick-meta":"","header-main-stick-meta":"","header-below-stick-meta":"","astra-migrate-meta-layouts":"default","ast-page-background-enabled":"default","ast-page-background-meta":{"desktop":{"background-color":"","background-image":"","background-repeat":"repeat","background-position":"center center","background-size":"auto","background-attachment":"scroll","background-type":"","background-media":"","overlay-type":"","overlay-color":"","overlay-opacity":"","overlay-gradient":""},"tablet":{"background-color":"","background-image":"","background-repeat":"repeat","background-position":"center center","background-size":"auto","background-attachment":"scroll","background-type":"","background-media":"","overlay-type":"","overlay-color":"","overlay-opacity":"","overlay-gradient":""},"mobile":{"background-color":"","background-image":"","background-repeat":"repeat","background-position":"center center","background-size":"auto","background-attachment":"scroll","background-type":"","background-media":"","overlay-type":"","overlay-color":"","overlay-opacity":"","overlay-gradient":""}},"ast-content-background-meta":{"desktop":{"background-color":"var(--ast-global-color-5)","background-image":"","background-repeat":"repeat","background-position":"center center","background-size":"auto","background-attachment":"scroll","background-type":"","background-media":"","overlay-type":"","overlay-color":"","overlay-opacity":"","overlay-gradient":""},"tablet":{"background-color":"var(--ast-global-color-5)","background-image":"","background-repeat":"repeat","background-position":"center center","background-size":"auto","background-attachment":"scroll","background-type":"","background-media":"","overlay-type":"","overlay-color":"","overlay-opacity":"","overlay-gradient":""},"mobile":{"background-color":"var(--ast-global-color-5)","background-image":"","background-repeat":"repeat","background-position":"center center","background-size":"auto","background-attachment":"scroll","background-type":"","background-media":"","overlay-type":"","overlay-color":"","overlay-opacity":"","overlay-gradient":""}},"footnotes":""},"class_list":["post-716","page","type-page","status-publish","has-post-thumbnail","hentry"],"yoast_head":"<!-- This site is optimized with the Yoast SEO plugin v27.5 - https:\/\/yoast.com\/product\/yoast-seo-wordpress\/ -->\n<title>FPA2 &amp; WWF | Fondation Philanthropique Stelios<\/title>\n<meta name=\"description\" content=\"La Fondation Philanthropique Stelios soutient des institutions qui se battent pour prot\u00e9ger l\u2019environnement. Renseignez-vous sur nos b\u00e9n\u00e9ficiaires, FPA2 et WWF.\" \/>\n<meta name=\"robots\" content=\"index, follow, max-snippet:-1, max-image-preview:large, max-video-preview:-1\" \/>\n<link rel=\"canonical\" href=\"https:\/\/stelios.mc\/fr\/fpa2-wwf\/\" \/>\n<meta property=\"og:locale\" content=\"fr_FR\" \/>\n<meta property=\"og:type\" content=\"article\" \/>\n<meta property=\"og:title\" content=\"FPA2 &amp; WWF | Fondation Philanthropique Stelios\" \/>\n<meta property=\"og:description\" content=\"La Fondation Philanthropique Stelios soutient des institutions qui se battent pour prot\u00e9ger l\u2019environnement. Renseignez-vous sur nos b\u00e9n\u00e9ficiaires, FPA2 et WWF.\" \/>\n<meta property=\"og:url\" content=\"https:\/\/stelios.mc\/fr\/fpa2-wwf\/\" \/>\n<meta property=\"og:site_name\" content=\"Stelios Philanthropic Foundation Monaco\" \/>\n<meta property=\"article:publisher\" content=\"https:\/\/www.facebook.com\/steliosfoundation\/\" \/>\n<meta property=\"article:modified_time\" content=\"2019-08-23T10:53:54+00:00\" \/>\n<meta property=\"og:image\" content=\"https:\/\/stelios.mc\/wp-content\/uploads\/stelios.mc-feature-image.jpg\" \/>\n\t<meta property=\"og:image:width\" content=\"1200\" \/>\n\t<meta property=\"og:image:height\" content=\"675\" \/>\n\t<meta property=\"og:image:type\" content=\"image\/jpeg\" \/>\n<meta name=\"twitter:card\" content=\"summary_large_image\" \/>\n<meta name=\"twitter:label1\" content=\"Dur\u00e9e de lecture estim\u00e9e\" \/>\n\t<meta name=\"twitter:data1\" content=\"1 minute\" \/>\n<script type=\"application\/ld+json\" class=\"yoast-schema-graph\">{\"@context\":\"https:\\\/\\\/schema.org\",\"@graph\":[{\"@type\":\"WebPage\",\"@id\":\"https:\\\/\\\/stelios.mc\\\/fr\\\/fpa2-wwf\\\/\",\"url\":\"https:\\\/\\\/stelios.mc\\\/fr\\\/fpa2-wwf\\\/\",\"name\":\"FPA2 & WWF | Fondation Philanthropique Stelios\",\"isPartOf\":{\"@id\":\"https:\\\/\\\/stelios.mc\\\/#website\"},\"primaryImageOfPage\":{\"@id\":\"https:\\\/\\\/stelios.mc\\\/fr\\\/fpa2-wwf\\\/#primaryimage\"},\"image\":{\"@id\":\"https:\\\/\\\/stelios.mc\\\/fr\\\/fpa2-wwf\\\/#primaryimage\"},\"thumbnailUrl\":\"https:\\\/\\\/stelios.mc\\\/wp-content\\\/uploads\\\/stelios.mc-feature-image.jpg\",\"datePublished\":\"2019-07-30T08:17:37+00:00\",\"dateModified\":\"2019-08-23T10:53:54+00:00\",\"description\":\"La Fondation Philanthropique Stelios soutient des institutions qui se battent pour prot\u00e9ger l\u2019environnement. Renseignez-vous sur nos b\u00e9n\u00e9ficiaires, FPA2 et WWF.\",\"breadcrumb\":{\"@id\":\"https:\\\/\\\/stelios.mc\\\/fr\\\/fpa2-wwf\\\/#breadcrumb\"},\"inLanguage\":\"fr-FR\",\"potentialAction\":[{\"@type\":\"ReadAction\",\"target\":[\"https:\\\/\\\/stelios.mc\\\/fr\\\/fpa2-wwf\\\/\"]}]},{\"@type\":\"ImageObject\",\"inLanguage\":\"fr-FR\",\"@id\":\"https:\\\/\\\/stelios.mc\\\/fr\\\/fpa2-wwf\\\/#primaryimage\",\"url\":\"https:\\\/\\\/stelios.mc\\\/wp-content\\\/uploads\\\/stelios.mc-feature-image.jpg\",\"contentUrl\":\"https:\\\/\\\/stelios.mc\\\/wp-content\\\/uploads\\\/stelios.mc-feature-image.jpg\",\"width\":1200,\"height\":675,\"caption\":\"Feature Images\"},{\"@type\":\"BreadcrumbList\",\"@id\":\"https:\\\/\\\/stelios.mc\\\/fr\\\/fpa2-wwf\\\/#breadcrumb\",\"itemListElement\":[{\"@type\":\"ListItem\",\"position\":1,\"name\":\"Home\",\"item\":\"https:\\\/\\\/stelios.mc\\\/fr\\\/home\\\/\"},{\"@type\":\"ListItem\",\"position\":2,\"name\":\"FPA2 &#038; WWF\"}]},{\"@type\":\"WebSite\",\"@id\":\"https:\\\/\\\/stelios.mc\\\/#website\",\"url\":\"https:\\\/\\\/stelios.mc\\\/\",\"name\":\"Stelios Philanthropic Foundation Monaco\",\"description\":\"Education, Entrepreneurship &amp; Environment in Monaco\",\"publisher\":{\"@id\":\"https:\\\/\\\/stelios.mc\\\/#organization\"},\"alternateName\":\"Stelios.mc\",\"potentialAction\":[{\"@type\":\"SearchAction\",\"target\":{\"@type\":\"EntryPoint\",\"urlTemplate\":\"https:\\\/\\\/stelios.mc\\\/?s={search_term_string}\"},\"query-input\":{\"@type\":\"PropertyValueSpecification\",\"valueRequired\":true,\"valueName\":\"search_term_string\"}}],\"inLanguage\":\"fr-FR\"},{\"@type\":\"Organization\",\"@id\":\"https:\\\/\\\/stelios.mc\\\/#organization\",\"name\":\"Stelios Philanthropic Foundation Monaco\",\"alternateName\":\"Stelios Philanthropic Foundation\",\"url\":\"https:\\\/\\\/stelios.mc\\\/\",\"logo\":{\"@type\":\"ImageObject\",\"inLanguage\":\"fr-FR\",\"@id\":\"https:\\\/\\\/stelios.mc\\\/#\\\/schema\\\/logo\\\/image\\\/\",\"url\":\"https:\\\/\\\/stelios.mc\\\/wp-content\\\/uploads\\\/stelios-philanthropic-foundation-monaco-logo-900px.jpg\",\"contentUrl\":\"https:\\\/\\\/stelios.mc\\\/wp-content\\\/uploads\\\/stelios-philanthropic-foundation-monaco-logo-900px.jpg\",\"width\":900,\"height\":600,\"caption\":\"Stelios Philanthropic Foundation Monaco\"},\"image\":{\"@id\":\"https:\\\/\\\/stelios.mc\\\/#\\\/schema\\\/logo\\\/image\\\/\"},\"sameAs\":[\"https:\\\/\\\/www.facebook.com\\\/steliosfoundation\\\/\",\"https:\\\/\\\/www.instagram.com\\\/stelios_foundation\\\/\",\"https:\\\/\\\/www.linkedin.com\\\/company\\\/stelios-philanthropic-foundation\",\"https:\\\/\\\/www.pinterest.com\\\/steliosfoundation\\\/\"]}]}<\/script>\n<!-- \/ Yoast SEO plugin. -->","yoast_head_json":{"title":"FPA2 & WWF | Fondation Philanthropique Stelios","description":"La Fondation Philanthropique Stelios soutient des institutions qui se battent pour prot\u00e9ger l\u2019environnement. Renseignez-vous sur nos b\u00e9n\u00e9ficiaires, FPA2 et WWF.","robots":{"index":"index","follow":"follow","max-snippet":"max-snippet:-1","max-image-preview":"max-image-preview:large","max-video-preview":"max-video-preview:-1"},"canonical":"https:\/\/stelios.mc\/fr\/fpa2-wwf\/","og_locale":"fr_FR","og_type":"article","og_title":"FPA2 & WWF | Fondation Philanthropique Stelios","og_description":"La Fondation Philanthropique Stelios soutient des institutions qui se battent pour prot\u00e9ger l\u2019environnement. Renseignez-vous sur nos b\u00e9n\u00e9ficiaires, FPA2 et WWF.","og_url":"https:\/\/stelios.mc\/fr\/fpa2-wwf\/","og_site_name":"Stelios Philanthropic Foundation Monaco","article_publisher":"https:\/\/www.facebook.com\/steliosfoundation\/","article_modified_time":"2019-08-23T10:53:54+00:00","og_image":[{"width":1200,"height":675,"url":"https:\/\/stelios.mc\/wp-content\/uploads\/stelios.mc-feature-image.jpg","type":"image\/jpeg"}],"twitter_card":"summary_large_image","twitter_misc":{"Dur\u00e9e de lecture estim\u00e9e":"1 minute"},"schema":{"@context":"https:\/\/schema.org","@graph":[{"@type":"WebPage","@id":"https:\/\/stelios.mc\/fr\/fpa2-wwf\/","url":"https:\/\/stelios.mc\/fr\/fpa2-wwf\/","name":"FPA2 & WWF | Fondation Philanthropique Stelios","isPartOf":{"@id":"https:\/\/stelios.mc\/#website"},"primaryImageOfPage":{"@id":"https:\/\/stelios.mc\/fr\/fpa2-wwf\/#primaryimage"},"image":{"@id":"https:\/\/stelios.mc\/fr\/fpa2-wwf\/#primaryimage"},"thumbnailUrl":"https:\/\/stelios.mc\/wp-content\/uploads\/stelios.mc-feature-image.jpg","datePublished":"2019-07-30T08:17:37+00:00","dateModified":"2019-08-23T10:53:54+00:00","description":"La Fondation Philanthropique Stelios soutient des institutions qui se battent pour prot\u00e9ger l\u2019environnement. Renseignez-vous sur nos b\u00e9n\u00e9ficiaires, FPA2 et WWF.","breadcrumb":{"@id":"https:\/\/stelios.mc\/fr\/fpa2-wwf\/#breadcrumb"},"inLanguage":"fr-FR","potentialAction":[{"@type":"ReadAction","target":["https:\/\/stelios.mc\/fr\/fpa2-wwf\/"]}]},{"@type":"ImageObject","inLanguage":"fr-FR","@id":"https:\/\/stelios.mc\/fr\/fpa2-wwf\/#primaryimage","url":"https:\/\/stelios.mc\/wp-content\/uploads\/stelios.mc-feature-image.jpg","contentUrl":"https:\/\/stelios.mc\/wp-content\/uploads\/stelios.mc-feature-image.jpg","width":1200,"height":675,"caption":"Feature Images"},{"@type":"BreadcrumbList","@id":"https:\/\/stelios.mc\/fr\/fpa2-wwf\/#breadcrumb","itemListElement":[{"@type":"ListItem","position":1,"name":"Home","item":"https:\/\/stelios.mc\/fr\/home\/"},{"@type":"ListItem","position":2,"name":"FPA2 &#038; WWF"}]},{"@type":"WebSite","@id":"https:\/\/stelios.mc\/#website","url":"https:\/\/stelios.mc\/","name":"Stelios Philanthropic Foundation Monaco","description":"Education, Entrepreneurship &amp; Environment in Monaco","publisher":{"@id":"https:\/\/stelios.mc\/#organization"},"alternateName":"Stelios.mc","potentialAction":[{"@type":"SearchAction","target":{"@type":"EntryPoint","urlTemplate":"https:\/\/stelios.mc\/?s={search_term_string}"},"query-input":{"@type":"PropertyValueSpecification","valueRequired":true,"valueName":"search_term_string"}}],"inLanguage":"fr-FR"},{"@type":"Organization","@id":"https:\/\/stelios.mc\/#organization","name":"Stelios Philanthropic Foundation Monaco","alternateName":"Stelios Philanthropic Foundation","url":"https:\/\/stelios.mc\/","logo":{"@type":"ImageObject","inLanguage":"fr-FR","@id":"https:\/\/stelios.mc\/#\/schema\/logo\/image\/","url":"https:\/\/stelios.mc\/wp-content\/uploads\/stelios-philanthropic-foundation-monaco-logo-900px.jpg","contentUrl":"https:\/\/stelios.mc\/wp-content\/uploads\/stelios-philanthropic-foundation-monaco-logo-900px.jpg","width":900,"height":600,"caption":"Stelios Philanthropic Foundation Monaco"},"image":{"@id":"https:\/\/stelios.mc\/#\/schema\/logo\/image\/"},"sameAs":["https:\/\/www.facebook.com\/steliosfoundation\/","https:\/\/www.instagram.com\/stelios_foundation\/","https:\/\/www.linkedin.com\/company\/stelios-philanthropic-foundation","https:\/\/www.pinterest.com\/steliosfoundation\/"]}]}},"_links":{"self":[{"href":"https:\/\/stelios.mc\/fr\/wp-json\/wp\/v2\/pages\/716","targetHints":{"allow":["GET"]}}],"collection":[{"href":"https:\/\/stelios.mc\/fr\/wp-json\/wp\/v2\/pages"}],"about":[{"href":"https:\/\/stelios.mc\/fr\/wp-json\/wp\/v2\/types\/page"}],"author":[{"embeddable":true,"href":"https:\/\/stelios.mc\/fr\/wp-json\/wp\/v2\/users\/7"}],"replies":[{"embeddable":true,"href":"https:\/\/stelios.mc\/fr\/wp-json\/wp\/v2\/comments?post=716"}],"version-history":[{"count":13,"href":"https:\/\/stelios.mc\/fr\/wp-json\/wp\/v2\/pages\/716\/revisions"}],"predecessor-version":[{"id":997,"href":"https:\/\/stelios.mc\/fr\/wp-json\/wp\/v2\/pages\/716\/revisions\/997"}],"wp:featuredmedia":[{"embeddable":true,"href":"https:\/\/stelios.mc\/fr\/wp-json\/wp\/v2\/media\/2041"}],"wp:attachment":[{"href":"https:\/\/stelios.mc\/fr\/wp-json\/wp\/v2\/media?parent=716"}],"curies":[{"name":"wp","href":"https:\/\/api.w.org\/{rel}","templated":true}]}}