{"id":1271,"date":"2019-10-29T12:30:31","date_gmt":"2019-10-29T11:30:31","guid":{"rendered":"http:\/\/stelios.mc\/groupe-easy\/"},"modified":"2019-10-29T12:30:31","modified_gmt":"2019-10-29T11:30:31","slug":"groupe-easy","status":"publish","type":"page","link":"https:\/\/stelios.mc\/fr\/groupe-easy\/","title":{"rendered":"GROUPE EASY"},"content":{"rendered":"<p>Le v\u00e9hicule d\u2019investissement priv\u00e9 de Stelios est easyGroup, bas\u00e9 \u00e0 Monaco et \u00e0 Londres.<\/p>\n<p><a href=\"https:\/\/easy.com\/\" target=\"_blank\" rel=\"noopener noreferrer\">www.easy.com<\/a><\/p>\n","protected":false},"excerpt":{"rendered":"<p>Le v\u00e9hicule d\u2019investissement priv\u00e9 de Stelios est easyGroup, bas\u00e9 \u00e0 Monaco et \u00e0 Londres. www.easy.com<\/p>\n","protected":false},"author":7,"featured_media":2041,"parent":0,"menu_order":25,"comment_status":"closed","ping_status":"closed","template":"","meta":{"site-sidebar-layout":"default","site-content-layout":"default","ast-site-content-layout":"default","site-content-style":"default","site-sidebar-style":"default","ast-global-header-display":"","ast-banner-title-visibility":"","ast-main-header-display":"","ast-hfb-above-header-display":"","ast-hfb-below-header-display":"","ast-hfb-mobile-header-display":"","site-post-title":"","ast-breadcrumbs-content":"","ast-featured-img":"","footer-sml-layout":"","ast-disable-related-posts":"","theme-transparent-header-meta":"default","adv-header-id-meta":"","stick-header-meta":"","header-above-stick-meta":"","header-main-stick-meta":"","header-below-stick-meta":"","astra-migrate-meta-layouts":"default","ast-page-background-enabled":"default","ast-page-background-meta":{"desktop":{"background-color":"","background-image":"","background-repeat":"repeat","background-position":"center center","background-size":"auto","background-attachment":"scroll","background-type":"","background-media":"","overlay-type":"","overlay-color":"","overlay-opacity":"","overlay-gradient":""},"tablet":{"background-color":"","background-image":"","background-repeat":"repeat","background-position":"center center","background-size":"auto","background-attachment":"scroll","background-type":"","background-media":"","overlay-type":"","overlay-color":"","overlay-opacity":"","overlay-gradient":""},"mobile":{"background-color":"","background-image":"","background-repeat":"repeat","background-position":"center center","background-size":"auto","background-attachment":"scroll","background-type":"","background-media":"","overlay-type":"","overlay-color":"","overlay-opacity":"","overlay-gradient":""}},"ast-content-background-meta":{"desktop":{"background-color":"var(--ast-global-color-5)","background-image":"","background-repeat":"repeat","background-position":"center center","background-size":"auto","background-attachment":"scroll","background-type":"","background-media":"","overlay-type":"","overlay-color":"","overlay-opacity":"","overlay-gradient":""},"tablet":{"background-color":"var(--ast-global-color-5)","background-image":"","background-repeat":"repeat","background-position":"center center","background-size":"auto","background-attachment":"scroll","background-type":"","background-media":"","overlay-type":"","overlay-color":"","overlay-opacity":"","overlay-gradient":""},"mobile":{"background-color":"var(--ast-global-color-5)","background-image":"","background-repeat":"repeat","background-position":"center center","background-size":"auto","background-attachment":"scroll","background-type":"","background-media":"","overlay-type":"","overlay-color":"","overlay-opacity":"","overlay-gradient":""}},"footnotes":""},"class_list":["post-1271","page","type-page","status-publish","has-post-thumbnail","hentry"],"yoast_head":"<!-- This site is optimized with the Yoast SEO plugin v27.5 - https:\/\/yoast.com\/product\/yoast-seo-wordpress\/ -->\n<title>GROUPE EASY - Stelios.mc<\/title>\n<meta name=\"robots\" content=\"index, follow, max-snippet:-1, max-image-preview:large, max-video-preview:-1\" \/>\n<link rel=\"canonical\" href=\"https:\/\/stelios.mc\/fr\/groupe-easy\/\" \/>\n<meta property=\"og:locale\" content=\"fr_FR\" \/>\n<meta property=\"og:type\" content=\"article\" \/>\n<meta property=\"og:title\" content=\"GROUPE EASY - Stelios.mc\" \/>\n<meta property=\"og:description\" content=\"Le v\u00e9hicule d\u2019investissement priv\u00e9 de Stelios est easyGroup, bas\u00e9 \u00e0 Monaco et \u00e0 Londres. www.easy.com\" \/>\n<meta property=\"og:url\" content=\"https:\/\/stelios.mc\/fr\/groupe-easy\/\" \/>\n<meta property=\"og:site_name\" content=\"Stelios Philanthropic Foundation Monaco\" \/>\n<meta property=\"article:publisher\" content=\"https:\/\/www.facebook.com\/steliosfoundation\/\" \/>\n<meta property=\"og:image\" content=\"https:\/\/stelios.mc\/wp-content\/uploads\/stelios.mc-feature-image.jpg\" \/>\n\t<meta property=\"og:image:width\" content=\"1200\" \/>\n\t<meta property=\"og:image:height\" content=\"675\" \/>\n\t<meta property=\"og:image:type\" content=\"image\/jpeg\" \/>\n<meta name=\"twitter:card\" content=\"summary_large_image\" \/>\n<script type=\"application\/ld+json\" class=\"yoast-schema-graph\">{\"@context\":\"https:\\\/\\\/schema.org\",\"@graph\":[{\"@type\":\"WebPage\",\"@id\":\"https:\\\/\\\/stelios.mc\\\/fr\\\/groupe-easy\\\/\",\"url\":\"https:\\\/\\\/stelios.mc\\\/fr\\\/groupe-easy\\\/\",\"name\":\"GROUPE EASY - Stelios.mc\",\"isPartOf\":{\"@id\":\"https:\\\/\\\/stelios.mc\\\/#website\"},\"primaryImageOfPage\":{\"@id\":\"https:\\\/\\\/stelios.mc\\\/fr\\\/groupe-easy\\\/#primaryimage\"},\"image\":{\"@id\":\"https:\\\/\\\/stelios.mc\\\/fr\\\/groupe-easy\\\/#primaryimage\"},\"thumbnailUrl\":\"https:\\\/\\\/stelios.mc\\\/wp-content\\\/uploads\\\/stelios.mc-feature-image.jpg\",\"datePublished\":\"2019-10-29T11:30:31+00:00\",\"breadcrumb\":{\"@id\":\"https:\\\/\\\/stelios.mc\\\/fr\\\/groupe-easy\\\/#breadcrumb\"},\"inLanguage\":\"fr-FR\",\"potentialAction\":[{\"@type\":\"ReadAction\",\"target\":[\"https:\\\/\\\/stelios.mc\\\/fr\\\/groupe-easy\\\/\"]}]},{\"@type\":\"ImageObject\",\"inLanguage\":\"fr-FR\",\"@id\":\"https:\\\/\\\/stelios.mc\\\/fr\\\/groupe-easy\\\/#primaryimage\",\"url\":\"https:\\\/\\\/stelios.mc\\\/wp-content\\\/uploads\\\/stelios.mc-feature-image.jpg\",\"contentUrl\":\"https:\\\/\\\/stelios.mc\\\/wp-content\\\/uploads\\\/stelios.mc-feature-image.jpg\",\"width\":1200,\"height\":675,\"caption\":\"Feature Images\"},{\"@type\":\"BreadcrumbList\",\"@id\":\"https:\\\/\\\/stelios.mc\\\/fr\\\/groupe-easy\\\/#breadcrumb\",\"itemListElement\":[{\"@type\":\"ListItem\",\"position\":1,\"name\":\"Home\",\"item\":\"https:\\\/\\\/stelios.mc\\\/fr\\\/home\\\/\"},{\"@type\":\"ListItem\",\"position\":2,\"name\":\"GROUPE EASY\"}]},{\"@type\":\"WebSite\",\"@id\":\"https:\\\/\\\/stelios.mc\\\/#website\",\"url\":\"https:\\\/\\\/stelios.mc\\\/\",\"name\":\"Stelios Philanthropic Foundation Monaco\",\"description\":\"Education, Entrepreneurship &amp; Environment in Monaco\",\"publisher\":{\"@id\":\"https:\\\/\\\/stelios.mc\\\/#organization\"},\"alternateName\":\"Stelios.mc\",\"potentialAction\":[{\"@type\":\"SearchAction\",\"target\":{\"@type\":\"EntryPoint\",\"urlTemplate\":\"https:\\\/\\\/stelios.mc\\\/?s={search_term_string}\"},\"query-input\":{\"@type\":\"PropertyValueSpecification\",\"valueRequired\":true,\"valueName\":\"search_term_string\"}}],\"inLanguage\":\"fr-FR\"},{\"@type\":\"Organization\",\"@id\":\"https:\\\/\\\/stelios.mc\\\/#organization\",\"name\":\"Stelios Philanthropic Foundation Monaco\",\"alternateName\":\"Stelios Philanthropic Foundation\",\"url\":\"https:\\\/\\\/stelios.mc\\\/\",\"logo\":{\"@type\":\"ImageObject\",\"inLanguage\":\"fr-FR\",\"@id\":\"https:\\\/\\\/stelios.mc\\\/#\\\/schema\\\/logo\\\/image\\\/\",\"url\":\"https:\\\/\\\/stelios.mc\\\/wp-content\\\/uploads\\\/stelios-philanthropic-foundation-monaco-logo-900px.jpg\",\"contentUrl\":\"https:\\\/\\\/stelios.mc\\\/wp-content\\\/uploads\\\/stelios-philanthropic-foundation-monaco-logo-900px.jpg\",\"width\":900,\"height\":600,\"caption\":\"Stelios Philanthropic Foundation Monaco\"},\"image\":{\"@id\":\"https:\\\/\\\/stelios.mc\\\/#\\\/schema\\\/logo\\\/image\\\/\"},\"sameAs\":[\"https:\\\/\\\/www.facebook.com\\\/steliosfoundation\\\/\",\"https:\\\/\\\/www.instagram.com\\\/stelios_foundation\\\/\",\"https:\\\/\\\/www.linkedin.com\\\/company\\\/stelios-philanthropic-foundation\",\"https:\\\/\\\/www.pinterest.com\\\/steliosfoundation\\\/\"]}]}<\/script>\n<!-- \/ Yoast SEO plugin. -->","yoast_head_json":{"title":"GROUPE EASY - Stelios.mc","robots":{"index":"index","follow":"follow","max-snippet":"max-snippet:-1","max-image-preview":"max-image-preview:large","max-video-preview":"max-video-preview:-1"},"canonical":"https:\/\/stelios.mc\/fr\/groupe-easy\/","og_locale":"fr_FR","og_type":"article","og_title":"GROUPE EASY - Stelios.mc","og_description":"Le v\u00e9hicule d\u2019investissement priv\u00e9 de Stelios est easyGroup, bas\u00e9 \u00e0 Monaco et \u00e0 Londres. www.easy.com","og_url":"https:\/\/stelios.mc\/fr\/groupe-easy\/","og_site_name":"Stelios Philanthropic Foundation Monaco","article_publisher":"https:\/\/www.facebook.com\/steliosfoundation\/","og_image":[{"width":1200,"height":675,"url":"https:\/\/stelios.mc\/wp-content\/uploads\/stelios.mc-feature-image.jpg","type":"image\/jpeg"}],"twitter_card":"summary_large_image","schema":{"@context":"https:\/\/schema.org","@graph":[{"@type":"WebPage","@id":"https:\/\/stelios.mc\/fr\/groupe-easy\/","url":"https:\/\/stelios.mc\/fr\/groupe-easy\/","name":"GROUPE EASY - Stelios.mc","isPartOf":{"@id":"https:\/\/stelios.mc\/#website"},"primaryImageOfPage":{"@id":"https:\/\/stelios.mc\/fr\/groupe-easy\/#primaryimage"},"image":{"@id":"https:\/\/stelios.mc\/fr\/groupe-easy\/#primaryimage"},"thumbnailUrl":"https:\/\/stelios.mc\/wp-content\/uploads\/stelios.mc-feature-image.jpg","datePublished":"2019-10-29T11:30:31+00:00","breadcrumb":{"@id":"https:\/\/stelios.mc\/fr\/groupe-easy\/#breadcrumb"},"inLanguage":"fr-FR","potentialAction":[{"@type":"ReadAction","target":["https:\/\/stelios.mc\/fr\/groupe-easy\/"]}]},{"@type":"ImageObject","inLanguage":"fr-FR","@id":"https:\/\/stelios.mc\/fr\/groupe-easy\/#primaryimage","url":"https:\/\/stelios.mc\/wp-content\/uploads\/stelios.mc-feature-image.jpg","contentUrl":"https:\/\/stelios.mc\/wp-content\/uploads\/stelios.mc-feature-image.jpg","width":1200,"height":675,"caption":"Feature Images"},{"@type":"BreadcrumbList","@id":"https:\/\/stelios.mc\/fr\/groupe-easy\/#breadcrumb","itemListElement":[{"@type":"ListItem","position":1,"name":"Home","item":"https:\/\/stelios.mc\/fr\/home\/"},{"@type":"ListItem","position":2,"name":"GROUPE EASY"}]},{"@type":"WebSite","@id":"https:\/\/stelios.mc\/#website","url":"https:\/\/stelios.mc\/","name":"Stelios Philanthropic Foundation Monaco","description":"Education, Entrepreneurship &amp; Environment in Monaco","publisher":{"@id":"https:\/\/stelios.mc\/#organization"},"alternateName":"Stelios.mc","potentialAction":[{"@type":"SearchAction","target":{"@type":"EntryPoint","urlTemplate":"https:\/\/stelios.mc\/?s={search_term_string}"},"query-input":{"@type":"PropertyValueSpecification","valueRequired":true,"valueName":"search_term_string"}}],"inLanguage":"fr-FR"},{"@type":"Organization","@id":"https:\/\/stelios.mc\/#organization","name":"Stelios Philanthropic Foundation Monaco","alternateName":"Stelios Philanthropic Foundation","url":"https:\/\/stelios.mc\/","logo":{"@type":"ImageObject","inLanguage":"fr-FR","@id":"https:\/\/stelios.mc\/#\/schema\/logo\/image\/","url":"https:\/\/stelios.mc\/wp-content\/uploads\/stelios-philanthropic-foundation-monaco-logo-900px.jpg","contentUrl":"https:\/\/stelios.mc\/wp-content\/uploads\/stelios-philanthropic-foundation-monaco-logo-900px.jpg","width":900,"height":600,"caption":"Stelios Philanthropic Foundation Monaco"},"image":{"@id":"https:\/\/stelios.mc\/#\/schema\/logo\/image\/"},"sameAs":["https:\/\/www.facebook.com\/steliosfoundation\/","https:\/\/www.instagram.com\/stelios_foundation\/","https:\/\/www.linkedin.com\/company\/stelios-philanthropic-foundation","https:\/\/www.pinterest.com\/steliosfoundation\/"]}]}},"_links":{"self":[{"href":"https:\/\/stelios.mc\/fr\/wp-json\/wp\/v2\/pages\/1271","targetHints":{"allow":["GET"]}}],"collection":[{"href":"https:\/\/stelios.mc\/fr\/wp-json\/wp\/v2\/pages"}],"about":[{"href":"https:\/\/stelios.mc\/fr\/wp-json\/wp\/v2\/types\/page"}],"author":[{"embeddable":true,"href":"https:\/\/stelios.mc\/fr\/wp-json\/wp\/v2\/users\/7"}],"replies":[{"embeddable":true,"href":"https:\/\/stelios.mc\/fr\/wp-json\/wp\/v2\/comments?post=1271"}],"version-history":[{"count":0,"href":"https:\/\/stelios.mc\/fr\/wp-json\/wp\/v2\/pages\/1271\/revisions"}],"wp:featuredmedia":[{"embeddable":true,"href":"https:\/\/stelios.mc\/fr\/wp-json\/wp\/v2\/media\/2041"}],"wp:attachment":[{"href":"https:\/\/stelios.mc\/fr\/wp-json\/wp\/v2\/media?parent=1271"}],"curies":[{"name":"wp","href":"https:\/\/api.w.org\/{rel}","templated":true}]}}