{"id":1199,"date":"2019-10-05T14:03:12","date_gmt":"2019-10-05T12:03:12","guid":{"rendered":"http:\/\/stelios.mc\/cv-stelios\/"},"modified":"2019-10-05T14:15:12","modified_gmt":"2019-10-05T12:15:12","slug":"cv-stelios","status":"publish","type":"page","link":"https:\/\/stelios.mc\/fr\/cv-stelios\/","title":{"rendered":"CV STELIOS"},"content":{"rendered":"\t\t<div data-elementor-type=\"wp-page\" data-elementor-id=\"1199\" class=\"elementor elementor-1199\">\n\t\t\t\t\t\t<section class=\"elementor-section elementor-top-section elementor-element elementor-element-qxeig4h elementor-section-stretched elementor-section-boxed elementor-section-height-default elementor-section-height-default\" data-id=\"qxeig4h\" data-element_type=\"section\" data-e-type=\"section\" data-settings=\"{&quot;stretch_section&quot;:&quot;section-stretched&quot;,&quot;background_background&quot;:&quot;classic&quot;}\">\n\t\t\t\t\t\t\t<div class=\"elementor-background-overlay\"><\/div>\n\t\t\t\t\t\t\t<div class=\"elementor-container elementor-column-gap-default\">\n\t\t\t\t\t<div class=\"elementor-column elementor-col-100 elementor-top-column elementor-element elementor-element-4ehmhme\" data-id=\"4ehmhme\" data-element_type=\"column\" data-e-type=\"column\">\n\t\t\t<div class=\"elementor-widget-wrap elementor-element-populated\">\n\t\t\t\t\t\t<div class=\"elementor-element elementor-element-qpes912 elementor-widget elementor-widget-spacer\" data-id=\"qpes912\" data-element_type=\"widget\" data-e-type=\"widget\" data-widget_type=\"spacer.default\">\n\t\t\t\t<div class=\"elementor-widget-container\">\n\t\t\t\t\t\t\t<div class=\"elementor-spacer\">\n\t\t\t<div class=\"elementor-spacer-inner\"><\/div>\n\t\t<\/div>\n\t\t\t\t\t\t<\/div>\n\t\t\t\t<\/div>\n\t\t\t\t<div class=\"elementor-element elementor-element-wo9f2zx elementor-widget elementor-widget-heading\" data-id=\"wo9f2zx\" data-element_type=\"widget\" data-e-type=\"widget\" data-widget_type=\"heading.default\">\n\t\t\t\t<div class=\"elementor-widget-container\">\n\t\t\t\t\t<h1 class=\"elementor-heading-title elementor-size-default\">CV Officiel de Sir Stelios Haji-Ioannou<\/h1>\t\t\t\t<\/div>\n\t\t\t\t<\/div>\n\t\t\t\t<div class=\"elementor-element elementor-element-5fbb244 elementor-widget elementor-widget-heading\" data-id=\"5fbb244\" data-element_type=\"widget\" data-e-type=\"widget\" data-widget_type=\"heading.default\">\n\t\t\t\t<div class=\"elementor-widget-container\">\n\t\t\t\t\t<h2 class=\"elementor-heading-title elementor-size-default\">Au 15 Septembre 2019<\/h2>\t\t\t\t<\/div>\n\t\t\t\t<\/div>\n\t\t\t\t<div class=\"elementor-element elementor-element-f56z090 elementor-widget elementor-widget-spacer\" data-id=\"f56z090\" data-element_type=\"widget\" data-e-type=\"widget\" data-widget_type=\"spacer.default\">\n\t\t\t\t<div class=\"elementor-widget-container\">\n\t\t\t\t\t\t\t<div class=\"elementor-spacer\">\n\t\t\t<div class=\"elementor-spacer-inner\"><\/div>\n\t\t<\/div>\n\t\t\t\t\t\t<\/div>\n\t\t\t\t<\/div>\n\t\t\t\t\t<\/div>\n\t\t<\/div>\n\t\t\t\t\t<\/div>\n\t\t<\/section>\n\t\t\t\t<section class=\"elementor-section elementor-top-section elementor-element elementor-element-0fhkp34 elementor-section-stretched elementor-section-boxed elementor-section-height-default elementor-section-height-default\" data-id=\"0fhkp34\" data-element_type=\"section\" data-e-type=\"section\" data-settings=\"{&quot;stretch_section&quot;:&quot;section-stretched&quot;}\">\n\t\t\t\t\t\t<div class=\"elementor-container elementor-column-gap-default\">\n\t\t\t\t\t<div class=\"elementor-column elementor-col-100 elementor-top-column elementor-element elementor-element-ostv624\" data-id=\"ostv624\" data-element_type=\"column\" data-e-type=\"column\">\n\t\t\t<div class=\"elementor-widget-wrap elementor-element-populated\">\n\t\t\t\t\t\t<div class=\"elementor-element elementor-element-8ynk5xp elementor-widget elementor-widget-spacer\" data-id=\"8ynk5xp\" data-element_type=\"widget\" data-e-type=\"widget\" data-widget_type=\"spacer.default\">\n\t\t\t\t<div class=\"elementor-widget-container\">\n\t\t\t\t\t\t\t<div class=\"elementor-spacer\">\n\t\t\t<div class=\"elementor-spacer-inner\"><\/div>\n\t\t<\/div>\n\t\t\t\t\t\t<\/div>\n\t\t\t\t<\/div>\n\t\t\t\t\t<\/div>\n\t\t<\/div>\n\t\t\t\t\t<\/div>\n\t\t<\/section>\n\t\t\t\t<section class=\"elementor-section elementor-top-section elementor-element elementor-element-009bacd elementor-section-stretched elementor-section-boxed elementor-section-height-default elementor-section-height-default\" data-id=\"009bacd\" data-element_type=\"section\" data-e-type=\"section\" data-settings=\"{&quot;stretch_section&quot;:&quot;section-stretched&quot;}\">\n\t\t\t\t\t\t<div class=\"elementor-container elementor-column-gap-default\">\n\t\t\t\t\t<div class=\"elementor-column elementor-col-100 elementor-top-column elementor-element elementor-element-a82b85c\" data-id=\"a82b85c\" data-element_type=\"column\" data-e-type=\"column\">\n\t\t\t<div class=\"elementor-widget-wrap elementor-element-populated\">\n\t\t\t\t\t\t<div class=\"elementor-element elementor-element-9f488de elementor-widget elementor-widget-spacer\" data-id=\"9f488de\" data-element_type=\"widget\" data-e-type=\"widget\" data-widget_type=\"spacer.default\">\n\t\t\t\t<div class=\"elementor-widget-container\">\n\t\t\t\t\t\t\t<div class=\"elementor-spacer\">\n\t\t\t<div class=\"elementor-spacer-inner\"><\/div>\n\t\t<\/div>\n\t\t\t\t\t\t<\/div>\n\t\t\t\t<\/div>\n\t\t\t\t<div class=\"elementor-element elementor-element-270afa1 elementor-widget elementor-widget-text-editor\" data-id=\"270afa1\" data-element_type=\"widget\" data-e-type=\"widget\" data-widget_type=\"text-editor.default\">\n\t\t\t\t<div class=\"elementor-widget-container\">\n\t\t\t\t\t\t\t\t\t<p><u>Stelios est surtout connu pour avoir cr\u00e9\u00e9 easyJet.com en 1995<\/u>, alors qu&rsquo;il n&rsquo;avait que 28 ans: la compagnie a\u00e9rienne \u00e0 bas prix, qui a r\u00e9volutionn\u00e9 le transport a\u00e9rien en Europe au cours des 25 derni\u00e8res ann\u00e9es, transporte maintenant plus de 100 millions de passagers par an. avec une flotte d\u2019environs 350 appareils Airbus desservant plus de 30 pays. En 2000, Stelios a introduit easyJet sur le www.londonstockexchange.com afin de financer la croissance, mais lui et sa famille sont toujours les principaux actionnaires, d\u00e9tenant environ le tiers de toutes les actions. Stelios a men\u00e9 avec succ\u00e8s une campagne visant \u00e0 mettre en place une politique de dividende qui verse 50% des b\u00e9n\u00e9fices sous forme de dividende.<\/p><p><b><u>La famille de marques d<\/u>\u00e9<u>pos<\/u>\u00e9<u>es easy (<\/u><u>www.easy.com<\/u><u>):<\/u><\/b>\u00a0<\/p><p>une d\u00e9cision strat\u00e9gique prise lors de l\u2019introduction en bourse d\u2019<strong>easyJet<\/strong> r\u00e9sultait dans la propri\u00e9t\u00e9 de la marque <strong>easy<\/strong> (y compris <strong>easyJet<\/strong>) \u00e9tant conserv\u00e9e dans le v\u00e9hicule d\u2019investissement priv\u00e9 de Stelios, <strong>easyGroup<\/strong>, bas\u00e9 \u00e0 Monaco et \u00e0 Londres. En cons\u00e9quence, <strong>easyGroup<\/strong> tire maintenant des revenus constants de la concession de la licence de la marque <strong>easy<\/strong> \u00e0 de nombreuses entreprises, y compris la compagnie a\u00e9rienne. Chaque fois que quelqu&rsquo;un ach\u00e8te un billet sur <strong>easyJet.com<\/strong>, <strong>easyGroup<\/strong> per\u00e7oit 0,25% du prix du billet en redevance. Depuis 1995, la famille <strong>easy<\/strong> de marques s\u2019est \u00e9tendue \u00e0 de nombreuses autres activit\u00e9s, offrant toutes aux consommateurs \u00abplus de valeur pour moins\u00bb. <strong>easyHotel.com<\/strong>, a \u00e9t\u00e9 cot\u00e9 en bourse en 2014 et <strong>easyGroup<\/strong>, en d\u00e9tient environ 28% des actions. Les autres marques incluent: easyBus.com, easyCar.com,easyFly.co.uk, easyHub.com, easyMoney.com, easyProperty.com, easy.Coffee, easyGym.com, easyStorage.com, easyFerry.com et bien d&rsquo;autres qui sont prot\u00e9g\u00e9s par plus de 1000 marques d\u00e9pos\u00e9es. Stelios est toujours \u00e0 la recherche de partenaires commerciaux soigneusement s\u00e9lectionn\u00e9s et d\u2019entrepreneurs avec lesquels \u00e9largir conjointement la famille des marques.<strong>easy<\/strong>. <strong>easyGroup<\/strong> applique \u00e9galement une politique l\u00e9gale rigoureuse visant \u00e0 mettre un terme au vol de marque (utilisation non autoris\u00e9e).<\/p><p><u><b>Action caritative:<\/b><\/u>\u00a0<\/p><p>Stelios a commenc\u00e9 \u00e0 faire des dons \u00e0 la soci\u00e9t\u00e9 \u00e0 l&rsquo;\u00e2ge de 40 ans. Depuis, il a officialis\u00e9 ses dons en cr\u00e9ant la <strong>Stelios Philanthropic Foundation<\/strong> (www.stelios.org), qui occupe maintenant environ le tiers de son temps. Sa mission est de soutenir diverses activit\u00e9s caritatives principalement dans les pays o\u00f9 il a v\u00e9cu et travaill\u00e9: le Royaume-Uni, la Gr\u00e8ce, Chypre et Monaco.<\/p><p>Le programme le plus remarquable s&rsquo;appelle \u00abFood from the heart\u00a0\u00bb (\u00ab\u00a0De la nourriture venant du c\u0153ur\u00bb), qui nourrit 200 000 personnes chaque mois en Gr\u00e8ce et \u00e0 Chypre depuis 2013 https:\/\/steliosfoundation.gr\/faghto-apo-kardias.\u00a0<\/p><p>De plus, avec les Prix bi-communautaires \u00e0 Chypre, la Fondation octroie 500 000 euros par an depuis 2008 aux Chypriotes grecs et aux Chypriotes turcs qui \u0153uvrent ensemble pour une paix durable sur l&rsquo;\u00eele.https:\/\/steliosfoundation.com.cy\/peace-cyprus-bicommunal-awards\/.\u00a0<\/p><p>D&rsquo;autres bonnes causes sont soutenues par des dons r\u00e9guliers, tels que la charit\u00e9 environnementale wwf.org en partenariat avec la fondation de SAS le Prince Albert II de Monaco. (fpa2.org).\u00a0<\/p><p>En mai 2017, Stelios a sign\u00e9 le Giving Pledge (https:\/\/givingpledge.org\/Pledger.aspx?id=334), s&rsquo;engageant \u00e0 doter sa fondation de la moiti\u00e9 de son patrimoine afin de devenir le vecteur perp\u00e9tuel de son h\u00e9ritage. Cette initiative a \u00e9t\u00e9 lanc\u00e9e en 2010 par Bill et Melinda Gates et Warren Buffet.\u00a0<\/p><p><u><b>Entreprise familiale<\/b><\/u>:\u00a0<\/p><p>Stelios est n\u00e9 le 14 f\u00e9vrier 1967 \u00e0 Ath\u00e8nes (Gr\u00e8ce). Il \u00e9tait le fils de feu Loucas Haji-Ioannou, un magnat de la navigation autodidacte et chypriote. Stelios a commenc\u00e9 sa carri\u00e8re dans le monde des affaires en travaillant pour son p\u00e8re chez Troodos Shipping au Pir\u00e9e, en Gr\u00e8ce, jusqu&rsquo;\u00e0 l&rsquo;\u00e2ge de 25 ans, lorsqu&rsquo;il a fond\u00e9 sa premi\u00e8re entreprise, les p\u00e9troliers Stelmar, avec l&rsquo;aide financi\u00e8re de son p\u00e8re. Stelmar a \u00e9t\u00e9 cot\u00e9 sur NYSE.com en 2001 et a \u00e9t\u00e9 vendu \u00e0 un concurrent en 2005 pour environ 1,3 milliard de dollars am\u00e9ricains.<\/p><p><u><b>Distinctions honorifiques:<\/b><\/u>\u00a0<\/p><p>En 2006, \u00e0 l&rsquo;\u00e2ge de 39 ans, Stelios a re\u00e7u le titre de Chevalier de \u00a0la reine Elizabeth II pour services rendus \u00e0 l&rsquo;entrepreneuriat.\u00a0<\/p><p>Depuis 2009, il est consul g\u00e9n\u00e9ral honorifique de la R\u00e9publique de Chypre dans la Principaut\u00e9 de Monaco &#8211; o\u00f9 il r\u00e9side.<\/p><p><span style=\"font-size: 19px; font-style: normal; font-weight: 300;\">Depuis 2018, il est President des Compagnions entrepreneurs du Prince\u2019s Trust au Royaume-Uni, une organisation caritative cr\u00e9\u00e9e par SAR le Prince de Galles. https:\/\/www.princes-trust.org.uk\/support-our-work\/major-gifts\/enterprise-fellowship\/members.\u00a0<\/span><\/p><p>\u00a0<\/p><p><b><u>Education:<\/u><\/b><\/p><p>Il a obtenu son dipl\u00f4me du lyc\u00e9e www.doukas.gr d&rsquo;Ath\u00e8nes en 1984, de la London School of Economics (lse.ac.uk) en 1987 et, en 1988, d&rsquo;une ma\u00eetrise de la City University (www.cass.city.ac). .Royaume-Uni) . Dans les trois institutions acad\u00e9miques, chaque ann\u00e9e, \u00a0la Fondation Stelios finance des bourses. Plus de 250 boursiers Stelios en ont b\u00e9n\u00e9fici\u00e9 jusqu\u2019\u00e0 pr\u00e9sent. Il a obtenu quatre doctorats honorifiques des universit\u00e9s City, Grandfield, Liverpool John Moores et Northumbria (Newcastle) au Royaume-Uni.\u00a0<\/p><p><span style=\"font-size: 19px; font-style: normal; font-weight: 300;\">\u00a0<\/span><\/p><p><span style=\"font-size: 19px; font-style: normal; font-weight: 300;\">Depuis 2016, il a fond\u00e9 le www.Gustaviayachtclub.org et est le commodore du club.<\/span><\/p><p>\u00a0<\/p>\t\t\t\t\t\t\t\t<\/div>\n\t\t\t\t<\/div>\n\t\t\t\t\t<\/div>\n\t\t<\/div>\n\t\t\t\t\t<\/div>\n\t\t<\/section>\n\t\t\t\t<\/div>\n\t\t","protected":false},"excerpt":{"rendered":"<p>CV Officiel de Sir Stelios Haji-Ioannou Au 15 Septembre 2019 Stelios est surtout connu pour avoir cr\u00e9\u00e9 easyJet.com en 1995, alors qu&rsquo;il n&rsquo;avait que 28 ans: la compagnie a\u00e9rienne \u00e0 bas prix, qui a r\u00e9volutionn\u00e9 le transport a\u00e9rien en Europe au cours des 25 derni\u00e8res ann\u00e9es, transporte maintenant plus de 100 millions de passagers par [&hellip;]<\/p>\n","protected":false},"author":7,"featured_media":2749,"parent":0,"menu_order":16,"comment_status":"closed","ping_status":"closed","template":"","meta":{"site-sidebar-layout":"no-sidebar","site-content-layout":"page-builder","ast-site-content-layout":"full-width-container","site-content-style":"unboxed","site-sidebar-style":"unboxed","ast-global-header-display":"","ast-banner-title-visibility":"","ast-main-header-display":"","ast-hfb-above-header-display":"","ast-hfb-below-header-display":"","ast-hfb-mobile-header-display":"","site-post-title":"disabled","ast-breadcrumbs-content":"","ast-featured-img":"disabled","footer-sml-layout":"","ast-disable-related-posts":"","theme-transparent-header-meta":"","adv-header-id-meta":"","stick-header-meta":"","header-above-stick-meta":"","header-main-stick-meta":"","header-below-stick-meta":"","astra-migrate-meta-layouts":"default","ast-page-background-enabled":"default","ast-page-background-meta":{"desktop":{"background-color":"","background-image":"","background-repeat":"repeat","background-position":"center center","background-size":"auto","background-attachment":"scroll","background-type":"","background-media":"","overlay-type":"","overlay-color":"","overlay-opacity":"","overlay-gradient":""},"tablet":{"background-color":"","background-image":"","background-repeat":"repeat","background-position":"center center","background-size":"auto","background-attachment":"scroll","background-type":"","background-media":"","overlay-type":"","overlay-color":"","overlay-opacity":"","overlay-gradient":""},"mobile":{"background-color":"","background-image":"","background-repeat":"repeat","background-position":"center center","background-size":"auto","background-attachment":"scroll","background-type":"","background-media":"","overlay-type":"","overlay-color":"","overlay-opacity":"","overlay-gradient":""}},"ast-content-background-meta":{"desktop":{"background-color":"var(--ast-global-color-5)","background-image":"","background-repeat":"repeat","background-position":"center center","background-size":"auto","background-attachment":"scroll","background-type":"","background-media":"","overlay-type":"","overlay-color":"","overlay-opacity":"","overlay-gradient":""},"tablet":{"background-color":"var(--ast-global-color-5)","background-image":"","background-repeat":"repeat","background-position":"center center","background-size":"auto","background-attachment":"scroll","background-type":"","background-media":"","overlay-type":"","overlay-color":"","overlay-opacity":"","overlay-gradient":""},"mobile":{"background-color":"var(--ast-global-color-5)","background-image":"","background-repeat":"repeat","background-position":"center center","background-size":"auto","background-attachment":"scroll","background-type":"","background-media":"","overlay-type":"","overlay-color":"","overlay-opacity":"","overlay-gradient":""}},"footnotes":""},"class_list":["post-1199","page","type-page","status-publish","has-post-thumbnail","hentry"],"yoast_head":"<!-- This site is optimized with the Yoast SEO plugin v27.4 - https:\/\/yoast.com\/product\/yoast-seo-wordpress\/ -->\n<title>CV STELIOS - Stelios.mc<\/title>\n<meta name=\"robots\" content=\"index, follow, max-snippet:-1, max-image-preview:large, max-video-preview:-1\" \/>\n<link rel=\"canonical\" href=\"https:\/\/stelios.mc\/fr\/cv-stelios\/\" \/>\n<meta property=\"og:locale\" content=\"fr_FR\" \/>\n<meta property=\"og:type\" content=\"article\" \/>\n<meta property=\"og:title\" content=\"CV STELIOS - Stelios.mc\" \/>\n<meta property=\"og:description\" content=\"CV Officiel de Sir Stelios Haji-Ioannou Au 15 Septembre 2019 Stelios est surtout connu pour avoir cr\u00e9\u00e9 easyJet.com en 1995, alors qu&rsquo;il n&rsquo;avait que 28 ans: la compagnie a\u00e9rienne \u00e0 bas prix, qui a r\u00e9volutionn\u00e9 le transport a\u00e9rien en Europe au cours des 25 derni\u00e8res ann\u00e9es, transporte maintenant plus de 100 millions de passagers par [&hellip;]\" \/>\n<meta property=\"og:url\" content=\"https:\/\/stelios.mc\/fr\/cv-stelios\/\" \/>\n<meta property=\"og:site_name\" content=\"Stelios Philanthropic Foundation Monaco\" \/>\n<meta property=\"article:publisher\" content=\"https:\/\/www.facebook.com\/steliosfoundation\/\" \/>\n<meta property=\"article:modified_time\" content=\"2019-10-05T12:15:12+00:00\" \/>\n<meta property=\"og:image\" content=\"https:\/\/stelios.mc\/wp-content\/uploads\/stelios.mc-feature-image.jpg\" \/>\n\t<meta property=\"og:image:width\" content=\"1200\" \/>\n\t<meta property=\"og:image:height\" content=\"675\" \/>\n\t<meta property=\"og:image:type\" content=\"image\/jpeg\" \/>\n<meta name=\"twitter:card\" content=\"summary_large_image\" \/>\n<meta name=\"twitter:label1\" content=\"Dur\u00e9e de lecture estim\u00e9e\" \/>\n\t<meta name=\"twitter:data1\" content=\"4 minutes\" \/>\n<script type=\"application\/ld+json\" class=\"yoast-schema-graph\">{\"@context\":\"https:\\\/\\\/schema.org\",\"@graph\":[{\"@type\":\"WebPage\",\"@id\":\"https:\\\/\\\/stelios.mc\\\/fr\\\/cv-stelios\\\/\",\"url\":\"https:\\\/\\\/stelios.mc\\\/fr\\\/cv-stelios\\\/\",\"name\":\"CV STELIOS - Stelios.mc\",\"isPartOf\":{\"@id\":\"https:\\\/\\\/stelios.mc\\\/#website\"},\"primaryImageOfPage\":{\"@id\":\"https:\\\/\\\/stelios.mc\\\/fr\\\/cv-stelios\\\/#primaryimage\"},\"image\":{\"@id\":\"https:\\\/\\\/stelios.mc\\\/fr\\\/cv-stelios\\\/#primaryimage\"},\"thumbnailUrl\":\"https:\\\/\\\/stelios.mc\\\/wp-content\\\/uploads\\\/stelios-portrait-2022-v2-web-1024x695-1.jpg\",\"datePublished\":\"2019-10-05T12:03:12+00:00\",\"dateModified\":\"2019-10-05T12:15:12+00:00\",\"breadcrumb\":{\"@id\":\"https:\\\/\\\/stelios.mc\\\/fr\\\/cv-stelios\\\/#breadcrumb\"},\"inLanguage\":\"fr-FR\",\"potentialAction\":[{\"@type\":\"ReadAction\",\"target\":[\"https:\\\/\\\/stelios.mc\\\/fr\\\/cv-stelios\\\/\"]}]},{\"@type\":\"ImageObject\",\"inLanguage\":\"fr-FR\",\"@id\":\"https:\\\/\\\/stelios.mc\\\/fr\\\/cv-stelios\\\/#primaryimage\",\"url\":\"https:\\\/\\\/stelios.mc\\\/wp-content\\\/uploads\\\/stelios-portrait-2022-v2-web-1024x695-1.jpg\",\"contentUrl\":\"https:\\\/\\\/stelios.mc\\\/wp-content\\\/uploads\\\/stelios-portrait-2022-v2-web-1024x695-1.jpg\",\"width\":1024,\"height\":695,\"caption\":\"Sir Stelios Haji-Ioannou\"},{\"@type\":\"BreadcrumbList\",\"@id\":\"https:\\\/\\\/stelios.mc\\\/fr\\\/cv-stelios\\\/#breadcrumb\",\"itemListElement\":[{\"@type\":\"ListItem\",\"position\":1,\"name\":\"Home\",\"item\":\"https:\\\/\\\/stelios.mc\\\/fr\\\/home\\\/\"},{\"@type\":\"ListItem\",\"position\":2,\"name\":\"CV STELIOS\"}]},{\"@type\":\"WebSite\",\"@id\":\"https:\\\/\\\/stelios.mc\\\/#website\",\"url\":\"https:\\\/\\\/stelios.mc\\\/\",\"name\":\"Stelios Philanthropic Foundation Monaco\",\"description\":\"Education, Entrepreneurship &amp; Environment in Monaco\",\"publisher\":{\"@id\":\"https:\\\/\\\/stelios.mc\\\/#organization\"},\"alternateName\":\"Stelios.mc\",\"potentialAction\":[{\"@type\":\"SearchAction\",\"target\":{\"@type\":\"EntryPoint\",\"urlTemplate\":\"https:\\\/\\\/stelios.mc\\\/?s={search_term_string}\"},\"query-input\":{\"@type\":\"PropertyValueSpecification\",\"valueRequired\":true,\"valueName\":\"search_term_string\"}}],\"inLanguage\":\"fr-FR\"},{\"@type\":\"Organization\",\"@id\":\"https:\\\/\\\/stelios.mc\\\/#organization\",\"name\":\"Stelios Philanthropic Foundation Monaco\",\"alternateName\":\"Stelios Philanthropic Foundation\",\"url\":\"https:\\\/\\\/stelios.mc\\\/\",\"logo\":{\"@type\":\"ImageObject\",\"inLanguage\":\"fr-FR\",\"@id\":\"https:\\\/\\\/stelios.mc\\\/#\\\/schema\\\/logo\\\/image\\\/\",\"url\":\"https:\\\/\\\/stelios.mc\\\/wp-content\\\/uploads\\\/stelios-philanthropic-foundation-monaco-logo-900px.jpg\",\"contentUrl\":\"https:\\\/\\\/stelios.mc\\\/wp-content\\\/uploads\\\/stelios-philanthropic-foundation-monaco-logo-900px.jpg\",\"width\":900,\"height\":600,\"caption\":\"Stelios Philanthropic Foundation Monaco\"},\"image\":{\"@id\":\"https:\\\/\\\/stelios.mc\\\/#\\\/schema\\\/logo\\\/image\\\/\"},\"sameAs\":[\"https:\\\/\\\/www.facebook.com\\\/steliosfoundation\\\/\",\"https:\\\/\\\/www.instagram.com\\\/stelios_foundation\\\/\",\"https:\\\/\\\/www.linkedin.com\\\/company\\\/stelios-philanthropic-foundation\",\"https:\\\/\\\/www.pinterest.com\\\/steliosfoundation\\\/\"]}]}<\/script>\n<!-- \/ Yoast SEO plugin. -->","yoast_head_json":{"title":"CV STELIOS - Stelios.mc","robots":{"index":"index","follow":"follow","max-snippet":"max-snippet:-1","max-image-preview":"max-image-preview:large","max-video-preview":"max-video-preview:-1"},"canonical":"https:\/\/stelios.mc\/fr\/cv-stelios\/","og_locale":"fr_FR","og_type":"article","og_title":"CV STELIOS - Stelios.mc","og_description":"CV Officiel de Sir Stelios Haji-Ioannou Au 15 Septembre 2019 Stelios est surtout connu pour avoir cr\u00e9\u00e9 easyJet.com en 1995, alors qu&rsquo;il n&rsquo;avait que 28 ans: la compagnie a\u00e9rienne \u00e0 bas prix, qui a r\u00e9volutionn\u00e9 le transport a\u00e9rien en Europe au cours des 25 derni\u00e8res ann\u00e9es, transporte maintenant plus de 100 millions de passagers par [&hellip;]","og_url":"https:\/\/stelios.mc\/fr\/cv-stelios\/","og_site_name":"Stelios Philanthropic Foundation Monaco","article_publisher":"https:\/\/www.facebook.com\/steliosfoundation\/","article_modified_time":"2019-10-05T12:15:12+00:00","og_image":[{"width":1200,"height":675,"url":"https:\/\/stelios.mc\/wp-content\/uploads\/stelios.mc-feature-image.jpg","type":"image\/jpeg"}],"twitter_card":"summary_large_image","twitter_misc":{"Dur\u00e9e de lecture estim\u00e9e":"4 minutes"},"schema":{"@context":"https:\/\/schema.org","@graph":[{"@type":"WebPage","@id":"https:\/\/stelios.mc\/fr\/cv-stelios\/","url":"https:\/\/stelios.mc\/fr\/cv-stelios\/","name":"CV STELIOS - Stelios.mc","isPartOf":{"@id":"https:\/\/stelios.mc\/#website"},"primaryImageOfPage":{"@id":"https:\/\/stelios.mc\/fr\/cv-stelios\/#primaryimage"},"image":{"@id":"https:\/\/stelios.mc\/fr\/cv-stelios\/#primaryimage"},"thumbnailUrl":"https:\/\/stelios.mc\/wp-content\/uploads\/stelios-portrait-2022-v2-web-1024x695-1.jpg","datePublished":"2019-10-05T12:03:12+00:00","dateModified":"2019-10-05T12:15:12+00:00","breadcrumb":{"@id":"https:\/\/stelios.mc\/fr\/cv-stelios\/#breadcrumb"},"inLanguage":"fr-FR","potentialAction":[{"@type":"ReadAction","target":["https:\/\/stelios.mc\/fr\/cv-stelios\/"]}]},{"@type":"ImageObject","inLanguage":"fr-FR","@id":"https:\/\/stelios.mc\/fr\/cv-stelios\/#primaryimage","url":"https:\/\/stelios.mc\/wp-content\/uploads\/stelios-portrait-2022-v2-web-1024x695-1.jpg","contentUrl":"https:\/\/stelios.mc\/wp-content\/uploads\/stelios-portrait-2022-v2-web-1024x695-1.jpg","width":1024,"height":695,"caption":"Sir Stelios Haji-Ioannou"},{"@type":"BreadcrumbList","@id":"https:\/\/stelios.mc\/fr\/cv-stelios\/#breadcrumb","itemListElement":[{"@type":"ListItem","position":1,"name":"Home","item":"https:\/\/stelios.mc\/fr\/home\/"},{"@type":"ListItem","position":2,"name":"CV STELIOS"}]},{"@type":"WebSite","@id":"https:\/\/stelios.mc\/#website","url":"https:\/\/stelios.mc\/","name":"Stelios Philanthropic Foundation Monaco","description":"Education, Entrepreneurship &amp; Environment in Monaco","publisher":{"@id":"https:\/\/stelios.mc\/#organization"},"alternateName":"Stelios.mc","potentialAction":[{"@type":"SearchAction","target":{"@type":"EntryPoint","urlTemplate":"https:\/\/stelios.mc\/?s={search_term_string}"},"query-input":{"@type":"PropertyValueSpecification","valueRequired":true,"valueName":"search_term_string"}}],"inLanguage":"fr-FR"},{"@type":"Organization","@id":"https:\/\/stelios.mc\/#organization","name":"Stelios Philanthropic Foundation Monaco","alternateName":"Stelios Philanthropic Foundation","url":"https:\/\/stelios.mc\/","logo":{"@type":"ImageObject","inLanguage":"fr-FR","@id":"https:\/\/stelios.mc\/#\/schema\/logo\/image\/","url":"https:\/\/stelios.mc\/wp-content\/uploads\/stelios-philanthropic-foundation-monaco-logo-900px.jpg","contentUrl":"https:\/\/stelios.mc\/wp-content\/uploads\/stelios-philanthropic-foundation-monaco-logo-900px.jpg","width":900,"height":600,"caption":"Stelios Philanthropic Foundation Monaco"},"image":{"@id":"https:\/\/stelios.mc\/#\/schema\/logo\/image\/"},"sameAs":["https:\/\/www.facebook.com\/steliosfoundation\/","https:\/\/www.instagram.com\/stelios_foundation\/","https:\/\/www.linkedin.com\/company\/stelios-philanthropic-foundation","https:\/\/www.pinterest.com\/steliosfoundation\/"]}]}},"_links":{"self":[{"href":"https:\/\/stelios.mc\/fr\/wp-json\/wp\/v2\/pages\/1199","targetHints":{"allow":["GET"]}}],"collection":[{"href":"https:\/\/stelios.mc\/fr\/wp-json\/wp\/v2\/pages"}],"about":[{"href":"https:\/\/stelios.mc\/fr\/wp-json\/wp\/v2\/types\/page"}],"author":[{"embeddable":true,"href":"https:\/\/stelios.mc\/fr\/wp-json\/wp\/v2\/users\/7"}],"replies":[{"embeddable":true,"href":"https:\/\/stelios.mc\/fr\/wp-json\/wp\/v2\/comments?post=1199"}],"version-history":[{"count":5,"href":"https:\/\/stelios.mc\/fr\/wp-json\/wp\/v2\/pages\/1199\/revisions"}],"predecessor-version":[{"id":1206,"href":"https:\/\/stelios.mc\/fr\/wp-json\/wp\/v2\/pages\/1199\/revisions\/1206"}],"wp:featuredmedia":[{"embeddable":true,"href":"https:\/\/stelios.mc\/fr\/wp-json\/wp\/v2\/media\/2749"}],"wp:attachment":[{"href":"https:\/\/stelios.mc\/fr\/wp-json\/wp\/v2\/media?parent=1199"}],"curies":[{"name":"wp","href":"https:\/\/api.w.org\/{rel}","templated":true}]}}